{"id":202,"date":"2021-12-19T17:19:32","date_gmt":"2021-12-19T17:19:32","guid":{"rendered":"https:\/\/fiore.vamtam.com\/?page_id=202"},"modified":"2025-12-09T09:18:49","modified_gmt":"2025-12-09T09:18:49","slug":"blog-2","status":"publish","type":"page","link":"https:\/\/embaixadadasflores.com\/en\/blog-2\/","title":{"rendered":"Journal"},"content":{"rendered":"\t\t<div data-elementor-type=\"wp-page\" data-elementor-id=\"202\" class=\"elementor elementor-202\" data-elementor-post-type=\"page\">\n\t\t\t\t\t\t<section class=\"elementor-section elementor-top-section elementor-element elementor-element-7a135e5 elementor-section-boxed elementor-section-height-default elementor-section-height-default\" data-id=\"7a135e5\" data-element_type=\"section\" data-e-type=\"section\" data-settings=\"{&quot;background_background&quot;:&quot;classic&quot;}\">\n\t\t\t\t\t\t<div class=\"elementor-container elementor-column-gap-no\">\n\t\t\t\t\t<div class=\"elementor-column elementor-col-100 elementor-top-column elementor-element elementor-element-3e5bbbc\" data-id=\"3e5bbbc\" data-element_type=\"column\" data-e-type=\"column\">\n\t\t\t<div class=\"elementor-widget-wrap elementor-element-populated\">\n\t\t\t\t\t\t<div class=\"vamtam-has-theme-widget-styles elementor-element elementor-element-675bf7f elementor-grid-1 elementor-posts--align-center elementor-grid-tablet-1 elementor-grid-mobile-1 elementor-posts--thumbnail-top elementor-widget elementor-widget-posts\" data-id=\"675bf7f\" data-element_type=\"widget\" data-e-type=\"widget\" data-settings=\"{&quot;vamtam_classic_columns&quot;:&quot;1&quot;,&quot;vamtam_classic_columns_tablet&quot;:&quot;1&quot;,&quot;vamtam_classic_columns_mobile&quot;:&quot;1&quot;,&quot;vamtam_classic_row_gap&quot;:{&quot;unit&quot;:&quot;px&quot;,&quot;size&quot;:35,&quot;sizes&quot;:[]},&quot;vamtam_classic_row_gap_tablet&quot;:{&quot;unit&quot;:&quot;px&quot;,&quot;size&quot;:&quot;&quot;,&quot;sizes&quot;:[]},&quot;vamtam_classic_row_gap_mobile&quot;:{&quot;unit&quot;:&quot;px&quot;,&quot;size&quot;:&quot;&quot;,&quot;sizes&quot;:[]}}\" data-widget_type=\"posts.vamtam_classic\">\n\t\t\t\t<div class=\"elementor-widget-container\">\n\t\t\t\t\t\t\t<div class=\"elementor-posts-container elementor-posts elementor-posts--skin-vamtam_classic elementor-grid\" role=\"list\">\n\t\t\t\t<article class=\"elementor-post elementor-grid-item post-1471 post type-post status-publish format-standard has-post-thumbnail hentry category-flores tag-dia-dos-namorados tag-rosas\" role=\"listitem\">\n\t\t\t\t<a class=\"elementor-post__thumbnail__link\" href=\"https:\/\/embaixadadasflores.com\/en\/the-art-of-gifting-with-care\/\" tabindex=\"-1\" >\n\t\t\t<div class=\"elementor-post__thumbnail\"><img fetchpriority=\"high\" decoding=\"async\" width=\"798\" height=\"798\" src=\"https:\/\/embaixadadasflores.com\/wp-content\/uploads\/2022\/01\/pexels-alleksana-4238320.jpg\" class=\"attachment-full size-full wp-image-1472\" alt=\"\" srcset=\"https:\/\/embaixadadasflores.com\/wp-content\/uploads\/2022\/01\/pexels-alleksana-4238320.jpg 798w, https:\/\/embaixadadasflores.com\/wp-content\/uploads\/2022\/01\/pexels-alleksana-4238320-420x420.jpg 420w, https:\/\/embaixadadasflores.com\/wp-content\/uploads\/2022\/01\/pexels-alleksana-4238320-315x315.jpg 315w, https:\/\/embaixadadasflores.com\/wp-content\/uploads\/2022\/01\/pexels-alleksana-4238320-630x630.jpg 630w, https:\/\/embaixadadasflores.com\/wp-content\/uploads\/2022\/01\/pexels-alleksana-4238320-64x64.jpg 64w, https:\/\/embaixadadasflores.com\/wp-content\/uploads\/2022\/01\/pexels-alleksana-4238320-300x300.jpg 300w, https:\/\/embaixadadasflores.com\/wp-content\/uploads\/2022\/01\/pexels-alleksana-4238320-150x150.jpg 150w, https:\/\/embaixadadasflores.com\/wp-content\/uploads\/2022\/01\/pexels-alleksana-4238320-768x768.jpg 768w\" sizes=\"(max-width: 798px) 100vw, 798px\" \/><\/div>\n\t\t<\/a>\n\t\t\t\t\t<div class=\"elementor-post__meta-data\">\n\t\t\t\t\t\t\t<div class=\"vamtam-post__categories\">\n\t\t\t\t<a href=\"https:\/\/embaixadadasflores.com\/en\/category\/flowers\/\" rel=\"category tag\">Flores<\/a>\t\t\t<\/div>\n\t\t\t\t\t\t<\/div>\n\t\t\t\t\t<div class=\"elementor-post__text\">\n\t\t\t\t<h3 class=\"elementor-post__title\">\n\t\t\t<a href=\"https:\/\/embaixadadasflores.com\/en\/the-art-of-gifting-with-care\/\" >\n\t\t\t\tA Arte de Presentear com Carinho\t\t\t<\/a>\n\t\t<\/h3>\n\t\t\t\t<div class=\"elementor-post__excerpt\">\n\t\t\t<p>Dar flores \u00e9 um gesto de carinho que transcende palavras. Elas t\u00eam o poder de transmitir sentimentos profundos de uma forma \u00fanica e encantadora, tornando qualquer momento mais especial&#8230;.<\/p>\n\t\t<\/div>\n\t\t\t\t<\/div>\n\t\t\t\t<\/article>\n\t\t\t\t<\/div>\n\t\t\n\t\t\t\t\t\t<\/div>\n\t\t\t\t<\/div>\n\t\t\t\t<div class=\"elementor-element elementor-element-a8d913d e-transform elementor-widget-divider--view-line elementor-widget elementor-widget-divider\" data-id=\"a8d913d\" data-element_type=\"widget\" data-e-type=\"widget\" data-settings=\"{&quot;_transform_rotateZ_effect&quot;:{&quot;unit&quot;:&quot;px&quot;,&quot;size&quot;:90,&quot;sizes&quot;:[]},&quot;motion_fx_motion_fx_scrolling&quot;:&quot;yes&quot;,&quot;motion_fx_translateX_effect&quot;:&quot;yes&quot;,&quot;motion_fx_translateX_direction&quot;:&quot;negative&quot;,&quot;motion_fx_translateX_speed&quot;:{&quot;unit&quot;:&quot;px&quot;,&quot;size&quot;:2,&quot;sizes&quot;:[]},&quot;motion_fx_translateX_affectedRange&quot;:{&quot;unit&quot;:&quot;%&quot;,&quot;size&quot;:&quot;&quot;,&quot;sizes&quot;:{&quot;start&quot;:45,&quot;end&quot;:70}},&quot;motion_fx_devices&quot;:[&quot;desktop&quot;],&quot;_transform_rotateZ_effect_tablet&quot;:{&quot;unit&quot;:&quot;deg&quot;,&quot;size&quot;:&quot;&quot;,&quot;sizes&quot;:[]},&quot;_transform_rotateZ_effect_mobile&quot;:{&quot;unit&quot;:&quot;deg&quot;,&quot;size&quot;:&quot;&quot;,&quot;sizes&quot;:[]}}\" data-widget_type=\"divider.default\">\n\t\t\t\t<div class=\"elementor-widget-container\">\n\t\t\t\t\t\t\t<div class=\"elementor-divider\">\n\t\t\t<span class=\"elementor-divider-separator\">\n\t\t\t\t\t\t<\/span>\n\t\t<\/div>\n\t\t\t\t\t\t<\/div>\n\t\t\t\t<\/div>\n\t\t\t\t\t<\/div>\n\t\t<\/div>\n\t\t\t\t\t<\/div>\n\t\t<\/section>\n\t\t\t\t<section class=\"elementor-section elementor-top-section elementor-element elementor-element-db1b28e elementor-section-boxed elementor-section-height-default elementor-section-height-default\" data-id=\"db1b28e\" data-element_type=\"section\" data-e-type=\"section\">\n\t\t\t\t\t\t<div class=\"elementor-container elementor-column-gap-no\">\n\t\t\t\t\t<div class=\"elementor-column elementor-col-100 elementor-top-column elementor-element elementor-element-c81001b\" data-id=\"c81001b\" data-element_type=\"column\" data-e-type=\"column\">\n\t\t\t<div class=\"elementor-widget-wrap elementor-element-populated\">\n\t\t\t\t\t\t<div class=\"vamtam-has-theme-widget-styles elementor-element elementor-element-27ba85f elementor-grid-3 elementor-grid-tablet-2 elementor-grid-mobile-1 elementor-posts--thumbnail-top elementor-widget elementor-widget-posts\" data-id=\"27ba85f\" data-element_type=\"widget\" data-e-type=\"widget\" data-settings=\"{&quot;vamtam_classic_masonry&quot;:&quot;yes&quot;,&quot;vamtam_classic_row_gap&quot;:{&quot;unit&quot;:&quot;px&quot;,&quot;size&quot;:50,&quot;sizes&quot;:[]},&quot;vamtam_classic_columns&quot;:&quot;3&quot;,&quot;vamtam_classic_columns_tablet&quot;:&quot;2&quot;,&quot;vamtam_classic_columns_mobile&quot;:&quot;1&quot;,&quot;vamtam_classic_row_gap_tablet&quot;:{&quot;unit&quot;:&quot;px&quot;,&quot;size&quot;:&quot;&quot;,&quot;sizes&quot;:[]},&quot;vamtam_classic_row_gap_mobile&quot;:{&quot;unit&quot;:&quot;px&quot;,&quot;size&quot;:&quot;&quot;,&quot;sizes&quot;:[]}}\" data-widget_type=\"posts.vamtam_classic\">\n\t\t\t\t<div class=\"elementor-widget-container\">\n\t\t\t\t\t\t\t<div class=\"elementor-posts-container elementor-posts elementor-posts--skin-vamtam_classic elementor-grid\" role=\"list\">\n\t\t\t\t<article class=\"elementor-post elementor-grid-item post-311 post type-post status-publish format-standard has-post-thumbnail hentry category-plantas tag-flores tag-peonias\" role=\"listitem\">\n\t\t\t\t<a class=\"elementor-post__thumbnail__link\" href=\"https:\/\/embaixadadasflores.com\/en\/peony-season-favourites\/\" tabindex=\"-1\" >\n\t\t\t<div class=\"elementor-post__thumbnail\"><img decoding=\"async\" width=\"735\" height=\"1040\" src=\"https:\/\/embaixadadasflores.com\/wp-content\/uploads\/2025\/03\/peonias.jpeg\" class=\"attachment-full size-full wp-image-990755\" alt=\"\" srcset=\"https:\/\/embaixadadasflores.com\/wp-content\/uploads\/2025\/03\/peonias.jpeg 735w, https:\/\/embaixadadasflores.com\/wp-content\/uploads\/2025\/03\/peonias-630x891.jpeg 630w, https:\/\/embaixadadasflores.com\/wp-content\/uploads\/2025\/03\/peonias-64x91.jpeg 64w, https:\/\/embaixadadasflores.com\/wp-content\/uploads\/2025\/03\/peonias-212x300.jpeg 212w, https:\/\/embaixadadasflores.com\/wp-content\/uploads\/2025\/03\/peonias-724x1024.jpeg 724w, https:\/\/embaixadadasflores.com\/wp-content\/uploads\/2025\/03\/peonias-8x12.jpeg 8w\" sizes=\"(max-width: 735px) 100vw, 735px\" \/><\/div>\n\t\t<\/a>\n\t\t\t\t\t<div class=\"elementor-post__meta-data\">\n\t\t\t\t\t\t\t<div class=\"vamtam-post__categories\">\n\t\t\t\t<a href=\"https:\/\/embaixadadasflores.com\/en\/category\/plants\/\" rel=\"category tag\">Plantas<\/a>\t\t\t<\/div>\n\t\t\t\t\t\t<\/div>\n\t\t\t\t\t<div class=\"elementor-post__text\">\n\t\t\t\t<h3 class=\"elementor-post__title\">\n\t\t\t<a href=\"https:\/\/embaixadadasflores.com\/en\/peony-season-favourites\/\" >\n\t\t\t\tFavoritas da Esta\u00e7\u00e3o: Pe\u00f4nias\t\t\t<\/a>\n\t\t<\/h3>\n\t\t\t\t<div class=\"elementor-post__excerpt\">\n\t\t\t<p>As pe\u00f4nias s\u00e3o, sem d\u00favida, uma das flores mais amadas, especialmente durante a primavera e o ver\u00e3o. Com suas p\u00e9talas volumosas e cores vibrantes&#8230;<\/p>\n\t\t<\/div>\n\t\t\t\t<\/div>\n\t\t\t\t<\/article>\n\t\t\t\t<article class=\"elementor-post elementor-grid-item post-2043 post type-post status-publish format-standard has-post-thumbnail hentry category-flores category-presentes tag-chocolate tag-presente tag-presentes-em-lisboa\" role=\"listitem\">\n\t\t\t\t<a class=\"elementor-post__thumbnail__link\" href=\"https:\/\/embaixadadasflores.com\/en\/find-the-perfect-gift-in-lisbon\/\" tabindex=\"-1\" >\n\t\t\t<div class=\"elementor-post__thumbnail\"><img decoding=\"async\" width=\"1224\" height=\"1224\" src=\"https:\/\/embaixadadasflores.com\/wp-content\/uploads\/2022\/01\/pexels-roman-odintsov-8514224-e1742045742500.jpg\" class=\"attachment-full size-full wp-image-2044\" alt=\"\" srcset=\"https:\/\/embaixadadasflores.com\/wp-content\/uploads\/2022\/01\/pexels-roman-odintsov-8514224-e1742045742500.jpg 1224w, https:\/\/embaixadadasflores.com\/wp-content\/uploads\/2022\/01\/pexels-roman-odintsov-8514224-e1742045742500-420x420.jpg 420w, https:\/\/embaixadadasflores.com\/wp-content\/uploads\/2022\/01\/pexels-roman-odintsov-8514224-e1742045742500-315x315.jpg 315w, https:\/\/embaixadadasflores.com\/wp-content\/uploads\/2022\/01\/pexels-roman-odintsov-8514224-e1742045742500-630x630.jpg 630w, https:\/\/embaixadadasflores.com\/wp-content\/uploads\/2022\/01\/pexels-roman-odintsov-8514224-e1742045742500-64x64.jpg 64w, https:\/\/embaixadadasflores.com\/wp-content\/uploads\/2022\/01\/pexels-roman-odintsov-8514224-e1742045742500-300x300.jpg 300w, https:\/\/embaixadadasflores.com\/wp-content\/uploads\/2022\/01\/pexels-roman-odintsov-8514224-e1742045742500-1024x1024.jpg 1024w, https:\/\/embaixadadasflores.com\/wp-content\/uploads\/2022\/01\/pexels-roman-odintsov-8514224-e1742045742500-150x150.jpg 150w, https:\/\/embaixadadasflores.com\/wp-content\/uploads\/2022\/01\/pexels-roman-odintsov-8514224-e1742045742500-768x768.jpg 768w, https:\/\/embaixadadasflores.com\/wp-content\/uploads\/2022\/01\/pexels-roman-odintsov-8514224-e1742045742500-840x840.jpg 840w\" sizes=\"(max-width: 1224px) 100vw, 1224px\" \/><\/div>\n\t\t<\/a>\n\t\t\t\t\t<div class=\"elementor-post__meta-data\">\n\t\t\t\t\t\t\t<div class=\"vamtam-post__categories\">\n\t\t\t\t<a href=\"https:\/\/embaixadadasflores.com\/en\/category\/flowers\/\" rel=\"category tag\">Flores<\/a>, <a href=\"https:\/\/embaixadadasflores.com\/en\/category\/gifts\/\" rel=\"category tag\">Presentes<\/a>\t\t\t<\/div>\n\t\t\t\t\t\t<\/div>\n\t\t\t\t\t<div class=\"elementor-post__text\">\n\t\t\t\t<h3 class=\"elementor-post__title\">\n\t\t\t<a href=\"https:\/\/embaixadadasflores.com\/en\/find-the-perfect-gift-in-lisbon\/\" >\n\t\t\t\tDescubra o Presente Perfeito em Lisboa\t\t\t<\/a>\n\t\t<\/h3>\n\t\t\t\t<div class=\"elementor-post__excerpt\">\n\t\t\t<p>Encontre o presente perfeito em Lisboa: flores frescas e chocolates premium. Ideal para ocasi\u00f5es especiais, com entrega r\u00e1pida e confi\u00e1vel pela Embaixada das Flores&#8230;<\/p>\n\t\t<\/div>\n\t\t\t\t<\/div>\n\t\t\t\t<\/article>\n\t\t\t\t<article class=\"elementor-post elementor-grid-item post-1474 post type-post status-publish format-standard has-post-thumbnail hentry category-lifestyle tag-chas tag-flores tag-receita-de-cha\" role=\"listitem\">\n\t\t\t\t<a class=\"elementor-post__thumbnail__link\" href=\"https:\/\/embaixadadasflores.com\/en\/how-to-create-moments-of-relaxation-with-tea-and-flowers\/\" tabindex=\"-1\" >\n\t\t\t<div class=\"elementor-post__thumbnail\"><img loading=\"lazy\" decoding=\"async\" width=\"798\" height=\"1132\" src=\"https:\/\/embaixadadasflores.com\/wp-content\/uploads\/2022\/01\/pexels-lisa-1758279.jpg\" class=\"attachment-full size-full wp-image-1475\" alt=\"\" srcset=\"https:\/\/embaixadadasflores.com\/wp-content\/uploads\/2022\/01\/pexels-lisa-1758279.jpg 798w, https:\/\/embaixadadasflores.com\/wp-content\/uploads\/2022\/01\/pexels-lisa-1758279-630x894.jpg 630w, https:\/\/embaixadadasflores.com\/wp-content\/uploads\/2022\/01\/pexels-lisa-1758279-64x91.jpg 64w, https:\/\/embaixadadasflores.com\/wp-content\/uploads\/2022\/01\/pexels-lisa-1758279-211x300.jpg 211w, https:\/\/embaixadadasflores.com\/wp-content\/uploads\/2022\/01\/pexels-lisa-1758279-722x1024.jpg 722w, https:\/\/embaixadadasflores.com\/wp-content\/uploads\/2022\/01\/pexels-lisa-1758279-768x1089.jpg 768w\" sizes=\"(max-width: 798px) 100vw, 798px\" \/><\/div>\n\t\t<\/a>\n\t\t\t\t\t<div class=\"elementor-post__meta-data\">\n\t\t\t\t\t\t\t<div class=\"vamtam-post__categories\">\n\t\t\t\t<a href=\"https:\/\/embaixadadasflores.com\/en\/category\/lifestyle\/\" rel=\"category tag\">Lifestyle<\/a>\t\t\t<\/div>\n\t\t\t\t\t\t<\/div>\n\t\t\t\t\t<div class=\"elementor-post__text\">\n\t\t\t\t<h3 class=\"elementor-post__title\">\n\t\t\t<a href=\"https:\/\/embaixadadasflores.com\/en\/how-to-create-moments-of-relaxation-with-tea-and-flowers\/\" >\n\t\t\t\tComo Criar Momentos de Relaxamento com Ch\u00e1 e Flores\t\t\t<\/a>\n\t\t<\/h3>\n\t\t\t\t<div class=\"elementor-post__excerpt\">\n\t\t\t<p>Aprenda como criar momentos de relaxamento e bem-estar com a combina\u00e7\u00e3o perfeita de ch\u00e1 quente e flores frescas. Descubra como pequenos gestos podem transformar seu dia e trazer tranquilidade&#8230;.<\/p>\n\t\t<\/div>\n\t\t\t\t<\/div>\n\t\t\t\t<\/article>\n\t\t\t\t<article class=\"elementor-post elementor-grid-item post-1471 post type-post status-publish format-standard has-post-thumbnail hentry category-flores tag-dia-dos-namorados tag-rosas\" role=\"listitem\">\n\t\t\t\t<a class=\"elementor-post__thumbnail__link\" href=\"https:\/\/embaixadadasflores.com\/en\/the-art-of-gifting-with-care\/\" tabindex=\"-1\" >\n\t\t\t<div class=\"elementor-post__thumbnail\"><img fetchpriority=\"high\" decoding=\"async\" width=\"798\" height=\"798\" src=\"https:\/\/embaixadadasflores.com\/wp-content\/uploads\/2022\/01\/pexels-alleksana-4238320.jpg\" class=\"attachment-full size-full wp-image-1472\" alt=\"\" srcset=\"https:\/\/embaixadadasflores.com\/wp-content\/uploads\/2022\/01\/pexels-alleksana-4238320.jpg 798w, https:\/\/embaixadadasflores.com\/wp-content\/uploads\/2022\/01\/pexels-alleksana-4238320-420x420.jpg 420w, https:\/\/embaixadadasflores.com\/wp-content\/uploads\/2022\/01\/pexels-alleksana-4238320-315x315.jpg 315w, https:\/\/embaixadadasflores.com\/wp-content\/uploads\/2022\/01\/pexels-alleksana-4238320-630x630.jpg 630w, https:\/\/embaixadadasflores.com\/wp-content\/uploads\/2022\/01\/pexels-alleksana-4238320-64x64.jpg 64w, https:\/\/embaixadadasflores.com\/wp-content\/uploads\/2022\/01\/pexels-alleksana-4238320-300x300.jpg 300w, https:\/\/embaixadadasflores.com\/wp-content\/uploads\/2022\/01\/pexels-alleksana-4238320-150x150.jpg 150w, https:\/\/embaixadadasflores.com\/wp-content\/uploads\/2022\/01\/pexels-alleksana-4238320-768x768.jpg 768w\" sizes=\"(max-width: 798px) 100vw, 798px\" \/><\/div>\n\t\t<\/a>\n\t\t\t\t\t<div class=\"elementor-post__meta-data\">\n\t\t\t\t\t\t\t<div class=\"vamtam-post__categories\">\n\t\t\t\t<a href=\"https:\/\/embaixadadasflores.com\/en\/category\/flowers\/\" rel=\"category tag\">Flores<\/a>\t\t\t<\/div>\n\t\t\t\t\t\t<\/div>\n\t\t\t\t\t<div class=\"elementor-post__text\">\n\t\t\t\t<h3 class=\"elementor-post__title\">\n\t\t\t<a href=\"https:\/\/embaixadadasflores.com\/en\/the-art-of-gifting-with-care\/\" >\n\t\t\t\tA Arte de Presentear com Carinho\t\t\t<\/a>\n\t\t<\/h3>\n\t\t\t\t<div class=\"elementor-post__excerpt\">\n\t\t\t<p>Dar flores \u00e9 um gesto de carinho que transcende palavras. Elas t\u00eam o poder de transmitir sentimentos profundos de uma forma \u00fanica e encantadora, tornando qualquer momento mais especial&#8230;.<\/p>\n\t\t<\/div>\n\t\t\t\t<\/div>\n\t\t\t\t<\/article>\n\t\t\t\t<\/div>\n\t\t\n\t\t\t\t\t\t<\/div>\n\t\t\t\t<\/div>\n\t\t\t\t\t<\/div>\n\t\t<\/div>\n\t\t\t\t\t<\/div>\n\t\t<\/section>\n\t\t\t\t<\/div>\n\t\t","protected":false},"excerpt":{"rendered":"","protected":false},"author":2,"featured_media":0,"parent":0,"menu_order":0,"comment_status":"closed","ping_status":"closed","template":"","meta":{"footnotes":""},"class_list":["post-202","page","type-page","status-publish","hentry"],"_links":{"self":[{"href":"https:\/\/embaixadadasflores.com\/en\/wp-json\/wp\/v2\/pages\/202","targetHints":{"allow":["GET"]}}],"collection":[{"href":"https:\/\/embaixadadasflores.com\/en\/wp-json\/wp\/v2\/pages"}],"about":[{"href":"https:\/\/embaixadadasflores.com\/en\/wp-json\/wp\/v2\/types\/page"}],"author":[{"embeddable":true,"href":"https:\/\/embaixadadasflores.com\/en\/wp-json\/wp\/v2\/users\/2"}],"replies":[{"embeddable":true,"href":"https:\/\/embaixadadasflores.com\/en\/wp-json\/wp\/v2\/comments?post=202"}],"version-history":[{"count":1,"href":"https:\/\/embaixadadasflores.com\/en\/wp-json\/wp\/v2\/pages\/202\/revisions"}],"predecessor-version":[{"id":991530,"href":"https:\/\/embaixadadasflores.com\/en\/wp-json\/wp\/v2\/pages\/202\/revisions\/991530"}],"wp:attachment":[{"href":"https:\/\/embaixadadasflores.com\/en\/wp-json\/wp\/v2\/media?parent=202"}],"curies":[{"name":"wp","href":"https:\/\/api.w.org\/{rel}","templated":true}]}}