{"id":214,"date":"2021-12-19T17:40:50","date_gmt":"2021-12-19T17:40:50","guid":{"rendered":"https:\/\/fiore.vamtam.com\/?page_id=214"},"modified":"2025-10-01T09:11:51","modified_gmt":"2025-10-01T09:11:51","slug":"garden-creation-and-maintenance","status":"publish","type":"page","link":"https:\/\/embaixadadasflores.com\/en\/garden-creation-and-maintenance\/","title":{"rendered":"Garden Creation &amp; Maintenance"},"content":{"rendered":"\t\t<div data-elementor-type=\"wp-page\" data-elementor-id=\"214\" class=\"elementor elementor-214\" data-elementor-post-type=\"page\">\n\t\t\t\t\t\t<section class=\"elementor-section elementor-top-section elementor-element elementor-element-4ca1babd elementor-section-height-min-height elementor-section-items-stretch elementor-section-content-bottom elementor-section-boxed elementor-section-height-default\" data-id=\"4ca1babd\" data-element_type=\"section\" data-e-type=\"section\" data-settings=\"{&quot;background_background&quot;:&quot;classic&quot;}\">\n\t\t\t\t\t\t<div class=\"elementor-container elementor-column-gap-no\">\n\t\t\t\t\t<div class=\"elementor-column elementor-col-100 elementor-top-column elementor-element elementor-element-567ee6bb\" data-id=\"567ee6bb\" data-element_type=\"column\" data-e-type=\"column\">\n\t\t\t<div class=\"elementor-widget-wrap elementor-element-populated\">\n\t\t\t\t\t\t<div class=\"elementor-element elementor-element-46bff382 e-transform elementor-widget-divider--view-line elementor-widget elementor-widget-divider\" data-id=\"46bff382\" data-element_type=\"widget\" data-e-type=\"widget\" data-settings=\"{&quot;_transform_rotateZ_effect&quot;:{&quot;unit&quot;:&quot;px&quot;,&quot;size&quot;:90,&quot;sizes&quot;:[]},&quot;motion_fx_motion_fx_scrolling&quot;:&quot;yes&quot;,&quot;motion_fx_translateX_effect&quot;:&quot;yes&quot;,&quot;motion_fx_translateX_direction&quot;:&quot;negative&quot;,&quot;motion_fx_translateX_speed&quot;:{&quot;unit&quot;:&quot;px&quot;,&quot;size&quot;:2,&quot;sizes&quot;:[]},&quot;motion_fx_translateX_affectedRange&quot;:{&quot;unit&quot;:&quot;%&quot;,&quot;size&quot;:&quot;&quot;,&quot;sizes&quot;:{&quot;start&quot;:25,&quot;end&quot;:65}},&quot;motion_fx_devices&quot;:[&quot;desktop&quot;],&quot;_transform_rotateZ_effect_tablet&quot;:{&quot;unit&quot;:&quot;deg&quot;,&quot;size&quot;:&quot;&quot;,&quot;sizes&quot;:[]},&quot;_transform_rotateZ_effect_mobile&quot;:{&quot;unit&quot;:&quot;deg&quot;,&quot;size&quot;:&quot;&quot;,&quot;sizes&quot;:[]}}\" data-widget_type=\"divider.default\">\n\t\t\t\t<div class=\"elementor-widget-container\">\n\t\t\t\t\t\t\t<div class=\"elementor-divider\">\n\t\t\t<span class=\"elementor-divider-separator\">\n\t\t\t\t\t\t<\/span>\n\t\t<\/div>\n\t\t\t\t\t\t<\/div>\n\t\t\t\t<\/div>\n\t\t\t\t\t<\/div>\n\t\t<\/div>\n\t\t\t\t\t<\/div>\n\t\t<\/section>\n\t\t\t\t<section class=\"elementor-section elementor-top-section elementor-element elementor-element-180296eb elementor-section-boxed elementor-section-height-default elementor-section-height-default\" data-id=\"180296eb\" data-element_type=\"section\" data-e-type=\"section\">\n\t\t\t\t\t\t<div class=\"elementor-container elementor-column-gap-no\">\n\t\t\t\t\t<div class=\"elementor-column elementor-col-100 elementor-top-column elementor-element elementor-element-3d9ee2d2\" data-id=\"3d9ee2d2\" data-element_type=\"column\" data-e-type=\"column\">\n\t\t\t<div class=\"elementor-widget-wrap elementor-element-populated\">\n\t\t\t\t\t\t<div class=\"elementor-element elementor-element-288d7d4 elementor-widget elementor-widget-heading\" data-id=\"288d7d4\" data-element_type=\"widget\" data-e-type=\"widget\" data-widget_type=\"heading.default\">\n\t\t\t\t<div class=\"elementor-widget-container\">\n\t\t\t\t\t<h2 class=\"elementor-heading-title elementor-size-default\">Cria\u00e7\u00e3o &amp;<br>Manuten\u00e7\u00e3o de Jardins<\/h2>\t\t\t\t<\/div>\n\t\t\t\t<\/div>\n\t\t\t\t<div class=\"vamtam-has-theme-widget-styles elementor-element elementor-element-11559f9 elementor-widget elementor-widget-text-editor\" data-id=\"11559f9\" data-element_type=\"widget\" data-e-type=\"widget\" data-widget_type=\"text-editor.default\">\n\t\t\t\t<div class=\"elementor-widget-container\">\n\t\t\t\t\t\t\t\t\t<p>A nossa equipa especializada cria e mant\u00e9m jardins e espa\u00e7os exteriores deslumbrantes, para que possa simplesmente relaxar e desfrutar de um ambiente exuberante e bem cuidado. Deixe-nos transformar o seu espa\u00e7o num verdadeiro o\u00e1sis de beleza.<\/p>\t\t\t\t\t\t\t\t<\/div>\n\t\t\t\t<\/div>\n\t\t\t\t\t<\/div>\n\t\t<\/div>\n\t\t\t\t\t<\/div>\n\t\t<\/section>\n\t\t\t\t<section class=\"elementor-section elementor-top-section elementor-element elementor-element-6a1ff237 elementor-section-boxed elementor-section-height-default elementor-section-height-default\" data-id=\"6a1ff237\" data-element_type=\"section\" data-e-type=\"section\">\n\t\t\t\t\t\t<div class=\"elementor-container elementor-column-gap-no\">\n\t\t\t\t\t<div class=\"elementor-column elementor-col-50 elementor-top-column elementor-element elementor-element-36367cf9\" data-id=\"36367cf9\" data-element_type=\"column\" data-e-type=\"column\" data-settings=\"{&quot;background_background&quot;:&quot;classic&quot;}\">\n\t\t\t<div class=\"elementor-widget-wrap elementor-element-populated\">\n\t\t\t\t\t\t<div class=\"elementor-element elementor-element-7b5b09d2 e-transform elementor-widget__width-auto elementor-absolute elementor-widget-divider--view-line elementor-widget elementor-widget-divider\" data-id=\"7b5b09d2\" data-element_type=\"widget\" data-e-type=\"widget\" data-settings=\"{&quot;_transform_rotateZ_effect&quot;:{&quot;unit&quot;:&quot;px&quot;,&quot;size&quot;:90,&quot;sizes&quot;:[]},&quot;_position&quot;:&quot;absolute&quot;,&quot;motion_fx_motion_fx_scrolling&quot;:&quot;yes&quot;,&quot;motion_fx_translateX_effect&quot;:&quot;yes&quot;,&quot;motion_fx_translateX_direction&quot;:&quot;negative&quot;,&quot;motion_fx_translateX_speed&quot;:{&quot;unit&quot;:&quot;px&quot;,&quot;size&quot;:2,&quot;sizes&quot;:[]},&quot;motion_fx_translateX_affectedRange&quot;:{&quot;unit&quot;:&quot;%&quot;,&quot;size&quot;:&quot;&quot;,&quot;sizes&quot;:{&quot;start&quot;:30,&quot;end&quot;:70}},&quot;motion_fx_devices&quot;:[&quot;desktop&quot;],&quot;_transform_rotateZ_effect_tablet&quot;:{&quot;unit&quot;:&quot;deg&quot;,&quot;size&quot;:&quot;&quot;,&quot;sizes&quot;:[]},&quot;_transform_rotateZ_effect_mobile&quot;:{&quot;unit&quot;:&quot;deg&quot;,&quot;size&quot;:&quot;&quot;,&quot;sizes&quot;:[]}}\" data-widget_type=\"divider.default\">\n\t\t\t\t<div class=\"elementor-widget-container\">\n\t\t\t\t\t\t\t<div class=\"elementor-divider\">\n\t\t\t<span class=\"elementor-divider-separator\">\n\t\t\t\t\t\t<\/span>\n\t\t<\/div>\n\t\t\t\t\t\t<\/div>\n\t\t\t\t<\/div>\n\t\t\t\t<section class=\"elementor-section elementor-inner-section elementor-element elementor-element-7b2ee16 elementor-section-boxed elementor-section-height-default elementor-section-height-default\" data-id=\"7b2ee16\" data-element_type=\"section\" data-e-type=\"section\" data-settings=\"{&quot;background_background&quot;:&quot;classic&quot;}\">\n\t\t\t\t\t\t<div class=\"elementor-container elementor-column-gap-no\">\n\t\t\t\t\t<div class=\"elementor-column elementor-col-100 elementor-inner-column elementor-element elementor-element-3b114ba1\" data-id=\"3b114ba1\" data-element_type=\"column\" data-e-type=\"column\" data-settings=\"{&quot;background_background&quot;:&quot;classic&quot;,&quot;background_motion_fx_motion_fx_scrolling&quot;:&quot;yes&quot;,&quot;background_motion_fx_scale_effect&quot;:&quot;yes&quot;,&quot;background_motion_fx_scale_speed&quot;:{&quot;unit&quot;:&quot;px&quot;,&quot;size&quot;:2,&quot;sizes&quot;:[]},&quot;background_motion_fx_devices&quot;:[&quot;desktop&quot;],&quot;background_motion_fx_scale_direction&quot;:&quot;out-in&quot;,&quot;background_motion_fx_scale_range&quot;:{&quot;unit&quot;:&quot;%&quot;,&quot;size&quot;:&quot;&quot;,&quot;sizes&quot;:{&quot;start&quot;:20,&quot;end&quot;:80}}}\">\n\t\t\t<div class=\"elementor-widget-wrap elementor-element-populated\">\n\t\t\t\t\t\t<div class=\"elementor-element elementor-element-8902033 elementor-widget elementor-widget-spacer\" data-id=\"8902033\" data-element_type=\"widget\" data-e-type=\"widget\" data-settings=\"{&quot;_animation&quot;:&quot;none&quot;}\" data-widget_type=\"spacer.default\">\n\t\t\t\t<div class=\"elementor-widget-container\">\n\t\t\t\t\t\t\t<div class=\"elementor-spacer\">\n\t\t\t<div class=\"elementor-spacer-inner\"><\/div>\n\t\t<\/div>\n\t\t\t\t\t\t<\/div>\n\t\t\t\t<\/div>\n\t\t\t\t<div class=\"elementor-element elementor-element-4d6b7a16 e-transform elementor-widget__width-auto elementor-absolute elementor-widget elementor-widget-heading\" data-id=\"4d6b7a16\" data-element_type=\"widget\" data-e-type=\"widget\" data-settings=\"{&quot;_transform_rotateZ_effect&quot;:{&quot;unit&quot;:&quot;px&quot;,&quot;size&quot;:-90,&quot;sizes&quot;:[]},&quot;_position&quot;:&quot;absolute&quot;,&quot;_transform_rotateZ_effect_tablet&quot;:{&quot;unit&quot;:&quot;deg&quot;,&quot;size&quot;:&quot;&quot;,&quot;sizes&quot;:[]},&quot;_transform_rotateZ_effect_mobile&quot;:{&quot;unit&quot;:&quot;deg&quot;,&quot;size&quot;:&quot;&quot;,&quot;sizes&quot;:[]}}\" data-widget_type=\"heading.default\">\n\t\t\t\t<div class=\"elementor-widget-container\">\n\t\t\t\t\t<h6 class=\"elementor-heading-title elementor-size-default\">Embaixada das Flores<\/h6>\t\t\t\t<\/div>\n\t\t\t\t<\/div>\n\t\t\t\t\t<\/div>\n\t\t<\/div>\n\t\t\t\t\t<\/div>\n\t\t<\/section>\n\t\t\t\t\t<\/div>\n\t\t<\/div>\n\t\t\t\t<div class=\"elementor-column elementor-col-50 elementor-top-column elementor-element elementor-element-2733ba47\" data-id=\"2733ba47\" data-element_type=\"column\" data-e-type=\"column\" data-settings=\"{&quot;background_background&quot;:&quot;classic&quot;}\">\n\t\t\t<div class=\"elementor-widget-wrap elementor-element-populated\">\n\t\t\t\t\t\t<div class=\"elementor-element elementor-element-5f3279f1 elementor-widget elementor-widget-heading\" data-id=\"5f3279f1\" data-element_type=\"widget\" data-e-type=\"widget\" data-widget_type=\"heading.default\">\n\t\t\t\t<div class=\"elementor-widget-container\">\n\t\t\t\t\t<h2 class=\"elementor-heading-title elementor-size-default\">Criamos jardins<br>de sonho<\/h2>\t\t\t\t<\/div>\n\t\t\t\t<\/div>\n\t\t\t\t<div class=\"vamtam-has-theme-widget-styles elementor-element elementor-element-7ea569f elementor-widget elementor-widget-text-editor\" data-id=\"7ea569f\" data-element_type=\"widget\" data-e-type=\"widget\" data-widget_type=\"text-editor.default\">\n\t\t\t\t<div class=\"elementor-widget-container\">\n\t\t\t\t\t\t\t\t\t<p class=\"\" data-start=\"0\" data-end=\"214\">Valorizamos cada detalhe do seu espa\u00e7o exterior, seja um pequeno canteiro, um terra\u00e7o ou um ref\u00fagio no topo da cidade. Seleccionamos mobili\u00e1rio duradouro, plantas harmoniosas e flores vibrantes para cada esta\u00e7\u00e3o.<\/p><p class=\"\" data-start=\"216\" data-end=\"339\">A nossa equipa de paisagismo transforma espa\u00e7os de qualquer dimens\u00e3o em jardins que prosperam e encantam ao longo do tempo.<\/p>\t\t\t\t\t\t\t\t<\/div>\n\t\t\t\t<\/div>\n\t\t\t\t<div class=\"vamtam-has-theme-widget-styles elementor-element elementor-element-ab4ee98 elementor-mobile-align-left elementor-widget elementor-widget-button\" data-id=\"ab4ee98\" data-element_type=\"widget\" data-e-type=\"widget\" data-widget_type=\"button.default\">\n\t\t\t\t<div class=\"elementor-widget-container\">\n\t\t\t\t\t\t\t\t\t<div class=\"elementor-button-wrapper\">\n\t\t\t\t\t<a href=\"https:\/\/api.whatsapp.com\/send?phone=351911927418&#038;text=Ol%C3%A1%20Priscila%2C%20encontrei%20o%20seu%20contacto%20atrav%C3%A9s%20do%20website%20e%20gostava%20de%20obter%20mais%20informa%C3%A7%C3%B5es%20sobre%20cria%C3%A7%C3%A3o%20ou%20manuten%C3%A7%C3%A3o%20de%20jardins.\" class=\"elementor-button-link elementor-button\" role=\"button\">\n\t\t\t\t\t\t\t\t\t\t\t\t\t\t\t<span class=\"elementor-button-content-wrapper\">\n\t\t\t\t\t\t\t\t\t<span class=\"elementor-button-text\">Solicite um Or\u00e7amento<\/span>\n\t\t\t\t\t<\/span>\n\t\t\t\t\t\t\t\t\t\t\t\t\t<\/a>\n\t\t\t\t<\/div>\n\t\t\t\t\t\t\t\t<\/div>\n\t\t\t\t<\/div>\n\t\t\t\t\t<\/div>\n\t\t<\/div>\n\t\t\t\t\t<\/div>\n\t\t<\/section>\n\t\t\t\t<section class=\"elementor-section elementor-top-section elementor-element elementor-element-5730fde elementor-section-boxed elementor-section-height-default elementor-section-height-default\" data-id=\"5730fde\" data-element_type=\"section\" data-e-type=\"section\" data-settings=\"{&quot;background_background&quot;:&quot;classic&quot;}\">\n\t\t\t\t\t\t<div class=\"elementor-container elementor-column-gap-no\">\n\t\t\t\t\t<div class=\"elementor-column elementor-col-100 elementor-top-column elementor-element elementor-element-52d5f0dd\" data-id=\"52d5f0dd\" data-element_type=\"column\" data-e-type=\"column\">\n\t\t\t<div class=\"elementor-widget-wrap elementor-element-populated\">\n\t\t\t\t\t\t<div class=\"elementor-element elementor-element-575db4ef elementor-invisible elementor-widget elementor-widget-heading\" data-id=\"575db4ef\" data-element_type=\"widget\" data-e-type=\"widget\" data-settings=\"{&quot;_animation&quot;:&quot;fadeInUp&quot;,&quot;_animation_tablet&quot;:&quot;none&quot;}\" data-widget_type=\"heading.default\">\n\t\t\t\t<div class=\"elementor-widget-container\">\n\t\t\t\t\t<h2 class=\"elementor-heading-title elementor-size-default\">O Nosso Processo<\/h2>\t\t\t\t<\/div>\n\t\t\t\t<\/div>\n\t\t\t\t<div class=\"vamtam-has-theme-widget-styles elementor-element elementor-element-788b68de elementor-widget elementor-widget-text-editor\" data-id=\"788b68de\" data-element_type=\"widget\" data-e-type=\"widget\" data-widget_type=\"text-editor.default\">\n\t\t\t\t<div class=\"elementor-widget-container\">\n\t\t\t\t\t\t\t\t\t<p class=\"\" data-start=\"163\" data-end=\"306\">A nossa equipa analisa cuidadosamente as suas necessidades e desenvolve projetos personalizados para transformar o seu espa\u00e7o com sofistica\u00e7\u00e3o.<\/p><p class=\"\" data-start=\"308\" data-end=\"481\">Criamos jardins e \u00e1reas verdes que refletem a identidade e o desejo de cada cliente, com um toque distinto de charme e eleg\u00e2ncia na sele\u00e7\u00e3o bot\u00e2nica e nos vasos decorativos.<\/p><p class=\"\" data-start=\"483\" data-end=\"654\">Selecionamos as melhores plantas dispon\u00edveis e concebemos caminhos, muros, lareiras exteriores e elementos aqu\u00e1ticos que enriquecem o ambiente com naturalidade e requinte.<\/p><p class=\"\" data-start=\"656\" data-end=\"813\">Quer se trate de um novo projeto paisag\u00edstico ou de uma manuten\u00e7\u00e3o sazonal, pode confiar em n\u00f3s para cuidar do seu espa\u00e7o com aten\u00e7\u00e3o, bom gosto e dedica\u00e7\u00e3o.<\/p>\t\t\t\t\t\t\t\t<\/div>\n\t\t\t\t<\/div>\n\t\t\t\t<div class=\"elementor-element elementor-element-53dc984 e-transform elementor-widget-divider--view-line elementor-widget elementor-widget-divider\" data-id=\"53dc984\" data-element_type=\"widget\" data-e-type=\"widget\" data-settings=\"{&quot;_transform_rotateZ_effect&quot;:{&quot;unit&quot;:&quot;px&quot;,&quot;size&quot;:90,&quot;sizes&quot;:[]},&quot;motion_fx_motion_fx_scrolling&quot;:&quot;yes&quot;,&quot;motion_fx_translateX_effect&quot;:&quot;yes&quot;,&quot;motion_fx_translateX_direction&quot;:&quot;negative&quot;,&quot;motion_fx_translateX_speed&quot;:{&quot;unit&quot;:&quot;px&quot;,&quot;size&quot;:2,&quot;sizes&quot;:[]},&quot;motion_fx_translateX_affectedRange&quot;:{&quot;unit&quot;:&quot;%&quot;,&quot;size&quot;:&quot;&quot;,&quot;sizes&quot;:{&quot;start&quot;:30,&quot;end&quot;:70}},&quot;motion_fx_devices&quot;:[&quot;desktop&quot;],&quot;_transform_rotateZ_effect_tablet&quot;:{&quot;unit&quot;:&quot;deg&quot;,&quot;size&quot;:&quot;&quot;,&quot;sizes&quot;:[]},&quot;_transform_rotateZ_effect_mobile&quot;:{&quot;unit&quot;:&quot;deg&quot;,&quot;size&quot;:&quot;&quot;,&quot;sizes&quot;:[]}}\" data-widget_type=\"divider.default\">\n\t\t\t\t<div class=\"elementor-widget-container\">\n\t\t\t\t\t\t\t<div class=\"elementor-divider\">\n\t\t\t<span class=\"elementor-divider-separator\">\n\t\t\t\t\t\t<\/span>\n\t\t<\/div>\n\t\t\t\t\t\t<\/div>\n\t\t\t\t<\/div>\n\t\t\t\t\t<\/div>\n\t\t<\/div>\n\t\t\t\t\t<\/div>\n\t\t<\/section>\n\t\t\t\t<section class=\"elementor-section elementor-top-section elementor-element elementor-element-2d408719 elementor-section-boxed elementor-section-height-default elementor-section-height-default\" data-id=\"2d408719\" data-element_type=\"section\" data-e-type=\"section\">\n\t\t\t\t\t\t<div class=\"elementor-container elementor-column-gap-no\">\n\t\t\t\t\t<div class=\"elementor-column elementor-col-100 elementor-top-column elementor-element elementor-element-73211742\" data-id=\"73211742\" data-element_type=\"column\" data-e-type=\"column\">\n\t\t\t<div class=\"elementor-widget-wrap elementor-element-populated\">\n\t\t\t\t\t\t<div class=\"elementor-element elementor-element-445f98d7 elementor-widget elementor-widget-heading\" data-id=\"445f98d7\" data-element_type=\"widget\" data-e-type=\"widget\" data-widget_type=\"heading.default\">\n\t\t\t\t<div class=\"elementor-widget-container\">\n\t\t\t\t\t<h1 class=\"elementor-heading-title elementor-size-default\">Selecionado da<br>nossa galeria<\/h1>\t\t\t\t<\/div>\n\t\t\t\t<\/div>\n\t\t\t\t\t<\/div>\n\t\t<\/div>\n\t\t\t\t\t<\/div>\n\t\t<\/section>\n\t\t\t\t<section class=\"elementor-section elementor-top-section elementor-element elementor-element-3c5a3c1 elementor-section-boxed elementor-section-height-default elementor-section-height-default\" data-id=\"3c5a3c1\" data-element_type=\"section\" data-e-type=\"section\">\n\t\t\t\t\t\t<div class=\"elementor-container elementor-column-gap-no\">\n\t\t\t\t\t<div class=\"elementor-column elementor-col-33 elementor-top-column elementor-element elementor-element-36a26d8\" data-id=\"36a26d8\" data-element_type=\"column\" data-e-type=\"column\">\n\t\t\t<div class=\"elementor-widget-wrap elementor-element-populated\">\n\t\t\t\t\t\t<div class=\"vamtam-has-theme-widget-styles elementor-element elementor-element-d4958fb elementor-widget elementor-widget-image\" data-id=\"d4958fb\" data-element_type=\"widget\" data-e-type=\"widget\" data-widget_type=\"image.default\">\n\t\t\t\t<div class=\"elementor-widget-container\">\n\t\t\t\t\t\t\t\t\t<div class=\"elementor-image\">\n\t\t\t\t\t\t\t\t\t\t\t\t\t\t\t\t\t\t\t\t\t\t<a href=\"https:\/\/embaixadadasflores.com\/wp-content\/uploads\/2022\/02\/annie-spratt-ueuam4rmvV0-unsplash.jpg\" data-elementor-open-lightbox=\"yes\" data-elementor-lightbox-title=\"annie-spratt-ueuam4rmvV0-unsplash\" data-e-action-hash=\"#elementor-action%3Aaction%3Dlightbox%26settings%3DeyJpZCI6NjgyNSwidXJsIjoiaHR0cHM6XC9cL2VtYmFpeGFkYWRhc2Zsb3Jlcy5jb21cL3dwLWNvbnRlbnRcL3VwbG9hZHNcLzIwMjJcLzAyXC9hbm5pZS1zcHJhdHQtdWV1YW00cm12VjAtdW5zcGxhc2guanBnIn0%3D\">\n\t\t\t\t\t\t\t\t\t\t\t<img fetchpriority=\"high\" decoding=\"async\" width=\"798\" height=\"1054\" src=\"https:\/\/embaixadadasflores.com\/wp-content\/uploads\/2022\/02\/annie-spratt-ueuam4rmvV0-unsplash.jpg\" class=\"attachment-full size-full wp-image-6825\" alt=\"\" srcset=\"https:\/\/embaixadadasflores.com\/wp-content\/uploads\/2022\/02\/annie-spratt-ueuam4rmvV0-unsplash.jpg 798w, https:\/\/embaixadadasflores.com\/wp-content\/uploads\/2022\/02\/annie-spratt-ueuam4rmvV0-unsplash-630x832.jpg 630w, https:\/\/embaixadadasflores.com\/wp-content\/uploads\/2022\/02\/annie-spratt-ueuam4rmvV0-unsplash-64x85.jpg 64w, https:\/\/embaixadadasflores.com\/wp-content\/uploads\/2022\/02\/annie-spratt-ueuam4rmvV0-unsplash-227x300.jpg 227w, https:\/\/embaixadadasflores.com\/wp-content\/uploads\/2022\/02\/annie-spratt-ueuam4rmvV0-unsplash-775x1024.jpg 775w, https:\/\/embaixadadasflores.com\/wp-content\/uploads\/2022\/02\/annie-spratt-ueuam4rmvV0-unsplash-768x1014.jpg 768w\" sizes=\"(max-width: 798px) 100vw, 798px\" \/>\t\t\t\t\t\t\t\t\t\t\t\t<\/a>\n\t\t\t\t\t\t\t\t\t\t\t\t\t\t\t\t\t\t\t\t\t\t\t\t<\/div>\n\t\t\t\t\t\t\t\t<\/div>\n\t\t\t\t<\/div>\n\t\t\t\t\t<\/div>\n\t\t<\/div>\n\t\t\t\t<div class=\"elementor-column elementor-col-33 elementor-top-column elementor-element elementor-element-bff82eb\" data-id=\"bff82eb\" data-element_type=\"column\" data-e-type=\"column\">\n\t\t\t<div class=\"elementor-widget-wrap elementor-element-populated\">\n\t\t\t\t\t\t<div class=\"vamtam-has-theme-widget-styles elementor-element elementor-element-7c74d02 elementor-widget elementor-widget-image\" data-id=\"7c74d02\" data-element_type=\"widget\" data-e-type=\"widget\" data-settings=\"{&quot;motion_fx_motion_fx_scrolling&quot;:&quot;yes&quot;,&quot;motion_fx_translateY_effect&quot;:&quot;yes&quot;,&quot;motion_fx_translateY_speed&quot;:{&quot;unit&quot;:&quot;px&quot;,&quot;size&quot;:2,&quot;sizes&quot;:[]},&quot;motion_fx_translateY_affectedRange&quot;:{&quot;unit&quot;:&quot;%&quot;,&quot;size&quot;:&quot;&quot;,&quot;sizes&quot;:{&quot;start&quot;:25,&quot;end&quot;:82}},&quot;motion_fx_devices&quot;:[&quot;desktop&quot;]}\" data-widget_type=\"image.default\">\n\t\t\t\t<div class=\"elementor-widget-container\">\n\t\t\t\t\t\t\t\t\t<div class=\"elementor-image\">\n\t\t\t\t\t\t\t\t\t\t\t\t\t\t\t\t\t\t\t\t\t\t<a href=\"https:\/\/embaixadadasflores.com\/wp-content\/uploads\/2022\/02\/sonnie-hiles-iANAdaNu7mg-unsplash.jpg\" data-elementor-open-lightbox=\"yes\" data-elementor-lightbox-title=\"sonnie-hiles-iANAdaNu7mg-unsplash\" data-e-action-hash=\"#elementor-action%3Aaction%3Dlightbox%26settings%3DeyJpZCI6NjgzMCwidXJsIjoiaHR0cHM6XC9cL2VtYmFpeGFkYWRhc2Zsb3Jlcy5jb21cL3dwLWNvbnRlbnRcL3VwbG9hZHNcLzIwMjJcLzAyXC9zb25uaWUtaGlsZXMtaUFOQWRhTnU3bWctdW5zcGxhc2guanBnIn0%3D\">\n\t\t\t\t\t\t\t\t\t\t\t<img decoding=\"async\" width=\"798\" height=\"1054\" src=\"https:\/\/embaixadadasflores.com\/wp-content\/uploads\/2022\/02\/sonnie-hiles-iANAdaNu7mg-unsplash.jpg\" class=\"attachment-full size-full wp-image-6830\" alt=\"\" srcset=\"https:\/\/embaixadadasflores.com\/wp-content\/uploads\/2022\/02\/sonnie-hiles-iANAdaNu7mg-unsplash.jpg 798w, https:\/\/embaixadadasflores.com\/wp-content\/uploads\/2022\/02\/sonnie-hiles-iANAdaNu7mg-unsplash-630x832.jpg 630w, https:\/\/embaixadadasflores.com\/wp-content\/uploads\/2022\/02\/sonnie-hiles-iANAdaNu7mg-unsplash-64x85.jpg 64w, https:\/\/embaixadadasflores.com\/wp-content\/uploads\/2022\/02\/sonnie-hiles-iANAdaNu7mg-unsplash-227x300.jpg 227w, https:\/\/embaixadadasflores.com\/wp-content\/uploads\/2022\/02\/sonnie-hiles-iANAdaNu7mg-unsplash-775x1024.jpg 775w, https:\/\/embaixadadasflores.com\/wp-content\/uploads\/2022\/02\/sonnie-hiles-iANAdaNu7mg-unsplash-768x1014.jpg 768w\" sizes=\"(max-width: 798px) 100vw, 798px\" \/>\t\t\t\t\t\t\t\t\t\t\t\t<\/a>\n\t\t\t\t\t\t\t\t\t\t\t\t\t\t\t\t\t\t\t\t\t\t\t\t<\/div>\n\t\t\t\t\t\t\t\t<\/div>\n\t\t\t\t<\/div>\n\t\t\t\t\t<\/div>\n\t\t<\/div>\n\t\t\t\t<div class=\"elementor-column elementor-col-33 elementor-top-column elementor-element elementor-element-74fdaf6\" data-id=\"74fdaf6\" data-element_type=\"column\" data-e-type=\"column\">\n\t\t\t<div class=\"elementor-widget-wrap elementor-element-populated\">\n\t\t\t\t\t\t<div class=\"vamtam-has-theme-widget-styles elementor-element elementor-element-11a03c3 elementor-widget elementor-widget-image\" data-id=\"11a03c3\" data-element_type=\"widget\" data-e-type=\"widget\" data-widget_type=\"image.default\">\n\t\t\t\t<div class=\"elementor-widget-container\">\n\t\t\t\t\t\t\t\t\t<div class=\"elementor-image\">\n\t\t\t\t\t\t\t\t\t\t\t\t\t\t\t\t\t\t\t\t\t\t<a href=\"https:\/\/embaixadadasflores.com\/wp-content\/uploads\/2022\/02\/priscilla-du-preez-JCZ2pE-Szpw-unsplash.jpg\" data-elementor-open-lightbox=\"yes\" data-elementor-lightbox-title=\"priscilla-du-preez-JCZ2pE-Szpw-unsplash\" data-e-action-hash=\"#elementor-action%3Aaction%3Dlightbox%26settings%3DeyJpZCI6NjgyOSwidXJsIjoiaHR0cHM6XC9cL2VtYmFpeGFkYWRhc2Zsb3Jlcy5jb21cL3dwLWNvbnRlbnRcL3VwbG9hZHNcLzIwMjJcLzAyXC9wcmlzY2lsbGEtZHUtcHJlZXotSkNaMnBFLVN6cHctdW5zcGxhc2guanBnIn0%3D\">\n\t\t\t\t\t\t\t\t\t\t\t<img decoding=\"async\" width=\"798\" height=\"1054\" src=\"https:\/\/embaixadadasflores.com\/wp-content\/uploads\/2022\/02\/priscilla-du-preez-JCZ2pE-Szpw-unsplash.jpg\" class=\"attachment-full size-full wp-image-6829\" alt=\"\" srcset=\"https:\/\/embaixadadasflores.com\/wp-content\/uploads\/2022\/02\/priscilla-du-preez-JCZ2pE-Szpw-unsplash.jpg 798w, https:\/\/embaixadadasflores.com\/wp-content\/uploads\/2022\/02\/priscilla-du-preez-JCZ2pE-Szpw-unsplash-630x832.jpg 630w, https:\/\/embaixadadasflores.com\/wp-content\/uploads\/2022\/02\/priscilla-du-preez-JCZ2pE-Szpw-unsplash-64x85.jpg 64w, https:\/\/embaixadadasflores.com\/wp-content\/uploads\/2022\/02\/priscilla-du-preez-JCZ2pE-Szpw-unsplash-227x300.jpg 227w, https:\/\/embaixadadasflores.com\/wp-content\/uploads\/2022\/02\/priscilla-du-preez-JCZ2pE-Szpw-unsplash-775x1024.jpg 775w, https:\/\/embaixadadasflores.com\/wp-content\/uploads\/2022\/02\/priscilla-du-preez-JCZ2pE-Szpw-unsplash-768x1014.jpg 768w\" sizes=\"(max-width: 798px) 100vw, 798px\" \/>\t\t\t\t\t\t\t\t\t\t\t\t<\/a>\n\t\t\t\t\t\t\t\t\t\t\t\t\t\t\t\t\t\t\t\t\t\t\t\t<\/div>\n\t\t\t\t\t\t\t\t<\/div>\n\t\t\t\t<\/div>\n\t\t\t\t<div class=\"vamtam-has-theme-widget-styles elementor-element elementor-element-38278284 elementor-mobile-align-center elementor-align-center elementor-hidden-desktop elementor-hidden-tablet elementor-widget elementor-widget-button\" data-id=\"38278284\" data-element_type=\"widget\" data-e-type=\"widget\" data-widget_type=\"button.default\">\n\t\t\t\t<div class=\"elementor-widget-container\">\n\t\t\t\t\t\t\t\t\t<div class=\"elementor-button-wrapper\">\n\t\t\t\t\t<a href=\"https:\/\/api.whatsapp.com\/send?phone=351911927418&#038;text=Ol%C3%A1%20Priscila%2C%20encontrei%20o%20seu%20contacto%20atrav%C3%A9s%20do%20website%20e%20gostava%20de%20obter%20mais%20informa%C3%A7%C3%B5es%20sobre%20cria%C3%A7%C3%A3o%20ou%20manuten%C3%A7%C3%A3o%20de%20jardins.\" class=\"elementor-button-link elementor-button\" role=\"button\">\n\t\t\t\t\t\t\t\t\t\t\t\t\t\t\t<span class=\"elementor-button-content-wrapper\">\n\t\t\t\t\t\t\t\t\t<span class=\"elementor-button-text\">Solicite um Or\u00e7amento<\/span>\n\t\t\t\t\t<\/span>\n\t\t\t\t\t\t\t\t\t\t\t\t\t<\/a>\n\t\t\t\t<\/div>\n\t\t\t\t\t\t\t\t<\/div>\n\t\t\t\t<\/div>\n\t\t\t\t\t<\/div>\n\t\t<\/div>\n\t\t\t\t\t<\/div>\n\t\t<\/section>\n\t\t\t\t<\/div>\n\t\t","protected":false},"excerpt":{"rendered":"<p>Cria\u00e7\u00e3o &amp;Manuten\u00e7\u00e3o de Jardins A nossa equipa especializada cria e mant\u00e9m jardins e espa\u00e7os exteriores deslumbrantes, para que possa simplesmente relaxar e desfrutar de um ambiente exuberante e bem cuidado. Deixe-nos transformar o seu espa\u00e7o num verdadeiro o\u00e1sis de beleza. Embaixada das Flores Criamos jardinsde sonho Valorizamos cada detalhe do seu espa\u00e7o exterior, seja um&#8230;<\/p>","protected":false},"author":2,"featured_media":0,"parent":0,"menu_order":0,"comment_status":"closed","ping_status":"closed","template":"","meta":{"footnotes":""},"class_list":["post-214","page","type-page","status-publish","hentry"],"_links":{"self":[{"href":"https:\/\/embaixadadasflores.com\/en\/wp-json\/wp\/v2\/pages\/214","targetHints":{"allow":["GET"]}}],"collection":[{"href":"https:\/\/embaixadadasflores.com\/en\/wp-json\/wp\/v2\/pages"}],"about":[{"href":"https:\/\/embaixadadasflores.com\/en\/wp-json\/wp\/v2\/types\/page"}],"author":[{"embeddable":true,"href":"https:\/\/embaixadadasflores.com\/en\/wp-json\/wp\/v2\/users\/2"}],"replies":[{"embeddable":true,"href":"https:\/\/embaixadadasflores.com\/en\/wp-json\/wp\/v2\/comments?post=214"}],"version-history":[{"count":0,"href":"https:\/\/embaixadadasflores.com\/en\/wp-json\/wp\/v2\/pages\/214\/revisions"}],"wp:attachment":[{"href":"https:\/\/embaixadadasflores.com\/en\/wp-json\/wp\/v2\/media?parent=214"}],"curies":[{"name":"wp","href":"https:\/\/api.w.org\/{rel}","templated":true}]}}