{"id":218,"date":"2021-12-19T17:41:23","date_gmt":"2021-12-19T17:41:23","guid":{"rendered":"https:\/\/fiore.vamtam.com\/?page_id=218"},"modified":"2026-02-11T20:34:53","modified_gmt":"2026-02-11T20:34:53","slug":"weddings-birthdays","status":"publish","type":"page","link":"https:\/\/embaixadadasflores.com\/en\/weddings-birthdays\/","title":{"rendered":"Weddings &amp; Anniversaries"},"content":{"rendered":"\t\t<div data-elementor-type=\"wp-page\" data-elementor-id=\"218\" class=\"elementor elementor-218\" data-elementor-post-type=\"page\">\n\t\t\t\t\t\t<section class=\"elementor-section elementor-top-section elementor-element elementor-element-67213d5d elementor-section-height-min-height elementor-section-items-stretch elementor-section-content-bottom elementor-section-boxed elementor-section-height-default\" data-id=\"67213d5d\" data-element_type=\"section\" data-e-type=\"section\" data-settings=\"{&quot;background_background&quot;:&quot;classic&quot;}\">\n\t\t\t\t\t\t<div class=\"elementor-container elementor-column-gap-no\">\n\t\t\t\t\t<div class=\"elementor-column elementor-col-100 elementor-top-column elementor-element elementor-element-39f6454c\" data-id=\"39f6454c\" data-element_type=\"column\" data-e-type=\"column\">\n\t\t\t<div class=\"elementor-widget-wrap elementor-element-populated\">\n\t\t\t\t\t\t<div class=\"elementor-element elementor-element-558c3b61 e-transform elementor-widget-divider--view-line elementor-widget elementor-widget-divider\" data-id=\"558c3b61\" data-element_type=\"widget\" data-e-type=\"widget\" data-settings=\"{&quot;_transform_rotateZ_effect&quot;:{&quot;unit&quot;:&quot;px&quot;,&quot;size&quot;:90,&quot;sizes&quot;:[]},&quot;motion_fx_motion_fx_scrolling&quot;:&quot;yes&quot;,&quot;motion_fx_translateX_effect&quot;:&quot;yes&quot;,&quot;motion_fx_translateX_direction&quot;:&quot;negative&quot;,&quot;motion_fx_translateX_speed&quot;:{&quot;unit&quot;:&quot;px&quot;,&quot;size&quot;:2,&quot;sizes&quot;:[]},&quot;motion_fx_translateX_affectedRange&quot;:{&quot;unit&quot;:&quot;%&quot;,&quot;size&quot;:&quot;&quot;,&quot;sizes&quot;:{&quot;start&quot;:25,&quot;end&quot;:65}},&quot;motion_fx_devices&quot;:[&quot;desktop&quot;],&quot;_transform_rotateZ_effect_tablet&quot;:{&quot;unit&quot;:&quot;deg&quot;,&quot;size&quot;:&quot;&quot;,&quot;sizes&quot;:[]},&quot;_transform_rotateZ_effect_mobile&quot;:{&quot;unit&quot;:&quot;deg&quot;,&quot;size&quot;:&quot;&quot;,&quot;sizes&quot;:[]}}\" data-widget_type=\"divider.default\">\n\t\t\t\t<div class=\"elementor-widget-container\">\n\t\t\t\t\t\t\t<div class=\"elementor-divider\">\n\t\t\t<span class=\"elementor-divider-separator\">\n\t\t\t\t\t\t<\/span>\n\t\t<\/div>\n\t\t\t\t\t\t<\/div>\n\t\t\t\t<\/div>\n\t\t\t\t\t<\/div>\n\t\t<\/div>\n\t\t\t\t\t<\/div>\n\t\t<\/section>\n\t\t\t\t<section class=\"elementor-section elementor-top-section elementor-element elementor-element-60390da7 elementor-section-boxed elementor-section-height-default elementor-section-height-default\" data-id=\"60390da7\" data-element_type=\"section\" data-e-type=\"section\">\n\t\t\t\t\t\t<div class=\"elementor-container elementor-column-gap-no\">\n\t\t\t\t\t<div class=\"elementor-column elementor-col-100 elementor-top-column elementor-element elementor-element-3c58d530\" data-id=\"3c58d530\" data-element_type=\"column\" data-e-type=\"column\">\n\t\t\t<div class=\"elementor-widget-wrap elementor-element-populated\">\n\t\t\t\t\t\t<div class=\"elementor-element elementor-element-198d07a0 elementor-invisible elementor-widget elementor-widget-heading\" data-id=\"198d07a0\" data-element_type=\"widget\" data-e-type=\"widget\" data-settings=\"{&quot;_animation&quot;:&quot;fadeInUp&quot;,&quot;_animation_tablet&quot;:&quot;none&quot;,&quot;_animation_mobile&quot;:&quot;none&quot;}\" data-widget_type=\"heading.default\">\n\t\t\t\t<div class=\"elementor-widget-container\">\n\t\t\t\t\t<h1 class=\"elementor-heading-title elementor-size-default\">Casamentos &amp; Anivers\u00e1rios<\/h1>\t\t\t\t<\/div>\n\t\t\t\t<\/div>\n\t\t\t\t<div class=\"vamtam-has-theme-widget-styles elementor-element elementor-element-224e742d elementor-widget elementor-widget-text-editor\" data-id=\"224e742d\" data-element_type=\"widget\" data-e-type=\"widget\" data-widget_type=\"text-editor.default\">\n\t\t\t\t<div class=\"elementor-widget-container\">\n\t\t\t\t\t\t\t\t\t<p data-start=\"67\" data-end=\"356\">A nossa talentosa equipa transforma cada celebra\u00e7\u00e3o em algo \u00fanico e memor\u00e1vel atrav\u00e9s de designs florais extraordin\u00e1rios. Seja um bouquet elegante, uma decora\u00e7\u00e3o sofisticada para o grande dia ou um ambiente encantador para um anivers\u00e1rio especial, as flores definem a atmosfera perfeita.<\/p><p data-start=\"358\" data-end=\"505\" data-is-last-node=\"\" data-is-only-node=\"\">Prefere um estilo simples e delicado ou sonha com arranjos exuberantes? Na <strong data-start=\"433\" data-end=\"450\">Embaixada das Flores<\/strong>, criamos momentos que ficam para sempre na mem\u00f3ria.<\/p>\t\t\t\t\t\t\t\t<\/div>\n\t\t\t\t<\/div>\n\t\t\t\t\t<\/div>\n\t\t<\/div>\n\t\t\t\t\t<\/div>\n\t\t<\/section>\n\t\t\t\t<section class=\"elementor-section elementor-top-section elementor-element elementor-element-7274052a elementor-section-boxed elementor-section-height-default elementor-section-height-default\" data-id=\"7274052a\" data-element_type=\"section\" data-e-type=\"section\">\n\t\t\t\t\t\t<div class=\"elementor-container elementor-column-gap-no\">\n\t\t\t\t\t<div class=\"elementor-column elementor-col-50 elementor-top-column elementor-element elementor-element-111d5c4\" data-id=\"111d5c4\" data-element_type=\"column\" data-e-type=\"column\" data-settings=\"{&quot;background_background&quot;:&quot;classic&quot;}\">\n\t\t\t<div class=\"elementor-widget-wrap elementor-element-populated\">\n\t\t\t\t\t\t<div class=\"elementor-element elementor-element-609e2004 e-transform elementor-widget__width-auto elementor-absolute elementor-widget-divider--view-line elementor-widget elementor-widget-divider\" data-id=\"609e2004\" data-element_type=\"widget\" data-e-type=\"widget\" data-settings=\"{&quot;_transform_rotateZ_effect&quot;:{&quot;unit&quot;:&quot;px&quot;,&quot;size&quot;:90,&quot;sizes&quot;:[]},&quot;_position&quot;:&quot;absolute&quot;,&quot;motion_fx_motion_fx_scrolling&quot;:&quot;yes&quot;,&quot;motion_fx_translateX_effect&quot;:&quot;yes&quot;,&quot;motion_fx_translateX_direction&quot;:&quot;negative&quot;,&quot;motion_fx_translateX_speed&quot;:{&quot;unit&quot;:&quot;px&quot;,&quot;size&quot;:2,&quot;sizes&quot;:[]},&quot;motion_fx_translateX_affectedRange&quot;:{&quot;unit&quot;:&quot;%&quot;,&quot;size&quot;:&quot;&quot;,&quot;sizes&quot;:{&quot;start&quot;:30,&quot;end&quot;:70}},&quot;motion_fx_devices&quot;:[&quot;desktop&quot;],&quot;_transform_rotateZ_effect_tablet&quot;:{&quot;unit&quot;:&quot;deg&quot;,&quot;size&quot;:&quot;&quot;,&quot;sizes&quot;:[]},&quot;_transform_rotateZ_effect_mobile&quot;:{&quot;unit&quot;:&quot;deg&quot;,&quot;size&quot;:&quot;&quot;,&quot;sizes&quot;:[]}}\" data-widget_type=\"divider.default\">\n\t\t\t\t<div class=\"elementor-widget-container\">\n\t\t\t\t\t\t\t<div class=\"elementor-divider\">\n\t\t\t<span class=\"elementor-divider-separator\">\n\t\t\t\t\t\t<\/span>\n\t\t<\/div>\n\t\t\t\t\t\t<\/div>\n\t\t\t\t<\/div>\n\t\t\t\t<section class=\"elementor-section elementor-inner-section elementor-element elementor-element-1ccd4809 elementor-section-boxed elementor-section-height-default elementor-section-height-default\" data-id=\"1ccd4809\" data-element_type=\"section\" data-e-type=\"section\" data-settings=\"{&quot;background_background&quot;:&quot;classic&quot;}\">\n\t\t\t\t\t\t<div class=\"elementor-container elementor-column-gap-no\">\n\t\t\t\t\t<div class=\"elementor-column elementor-col-100 elementor-inner-column elementor-element elementor-element-46708f02\" data-id=\"46708f02\" data-element_type=\"column\" data-e-type=\"column\" data-settings=\"{&quot;background_background&quot;:&quot;classic&quot;,&quot;background_motion_fx_motion_fx_scrolling&quot;:&quot;yes&quot;,&quot;background_motion_fx_scale_effect&quot;:&quot;yes&quot;,&quot;background_motion_fx_scale_speed&quot;:{&quot;unit&quot;:&quot;px&quot;,&quot;size&quot;:2,&quot;sizes&quot;:[]},&quot;background_motion_fx_devices&quot;:[&quot;desktop&quot;],&quot;background_motion_fx_scale_direction&quot;:&quot;out-in&quot;,&quot;background_motion_fx_scale_range&quot;:{&quot;unit&quot;:&quot;%&quot;,&quot;size&quot;:&quot;&quot;,&quot;sizes&quot;:{&quot;start&quot;:20,&quot;end&quot;:80}}}\">\n\t\t\t<div class=\"elementor-widget-wrap elementor-element-populated\">\n\t\t\t\t\t\t<div class=\"elementor-element elementor-element-a052532 elementor-widget elementor-widget-spacer\" data-id=\"a052532\" data-element_type=\"widget\" data-e-type=\"widget\" data-settings=\"{&quot;_animation&quot;:&quot;none&quot;}\" data-widget_type=\"spacer.default\">\n\t\t\t\t<div class=\"elementor-widget-container\">\n\t\t\t\t\t\t\t<div class=\"elementor-spacer\">\n\t\t\t<div class=\"elementor-spacer-inner\"><\/div>\n\t\t<\/div>\n\t\t\t\t\t\t<\/div>\n\t\t\t\t<\/div>\n\t\t\t\t<div class=\"elementor-element elementor-element-63f41c25 e-transform elementor-widget__width-auto elementor-absolute elementor-widget elementor-widget-heading\" data-id=\"63f41c25\" data-element_type=\"widget\" data-e-type=\"widget\" data-settings=\"{&quot;_transform_rotateZ_effect&quot;:{&quot;unit&quot;:&quot;px&quot;,&quot;size&quot;:-90,&quot;sizes&quot;:[]},&quot;_position&quot;:&quot;absolute&quot;,&quot;_transform_rotateZ_effect_tablet&quot;:{&quot;unit&quot;:&quot;deg&quot;,&quot;size&quot;:&quot;&quot;,&quot;sizes&quot;:[]},&quot;_transform_rotateZ_effect_mobile&quot;:{&quot;unit&quot;:&quot;deg&quot;,&quot;size&quot;:&quot;&quot;,&quot;sizes&quot;:[]}}\" data-widget_type=\"heading.default\">\n\t\t\t\t<div class=\"elementor-widget-container\">\n\t\t\t\t\t<h6 class=\"elementor-heading-title elementor-size-default\">Embaixada das Flores<\/h6>\t\t\t\t<\/div>\n\t\t\t\t<\/div>\n\t\t\t\t\t<\/div>\n\t\t<\/div>\n\t\t\t\t\t<\/div>\n\t\t<\/section>\n\t\t\t\t\t<\/div>\n\t\t<\/div>\n\t\t\t\t<div class=\"elementor-column elementor-col-50 elementor-top-column elementor-element elementor-element-4fd20153\" data-id=\"4fd20153\" data-element_type=\"column\" data-e-type=\"column\" data-settings=\"{&quot;background_background&quot;:&quot;classic&quot;}\">\n\t\t\t<div class=\"elementor-widget-wrap elementor-element-populated\">\n\t\t\t\t\t\t<div class=\"elementor-element elementor-element-2ad57d1f elementor-widget elementor-widget-heading\" data-id=\"2ad57d1f\" data-element_type=\"widget\" data-e-type=\"widget\" data-widget_type=\"heading.default\">\n\t\t\t\t<div class=\"elementor-widget-container\">\n\t\t\t\t\t<h2 class=\"elementor-heading-title elementor-size-default\">Flores Inesquec\u00edveis<\/h2>\t\t\t\t<\/div>\n\t\t\t\t<\/div>\n\t\t\t\t<div class=\"vamtam-has-theme-widget-styles elementor-element elementor-element-1d4ef2ff elementor-widget elementor-widget-text-editor\" data-id=\"1d4ef2ff\" data-element_type=\"widget\" data-e-type=\"widget\" data-widget_type=\"text-editor.default\">\n\t\t\t\t<div class=\"elementor-widget-container\">\n\t\t\t\t\t\t\t\t\t<p>Na Embaixada das Flores, aceitamos um n\u00famero limitado de casamentos por ano para garantir total dedica\u00e7\u00e3o a cada casal. A nossa equipa especializada acompanha cada detalhe, criando decora\u00e7\u00f5es florais exclusivas que transformam o grande dia num momento inesquec\u00edvel.<\/p>\t\t\t\t\t\t\t\t<\/div>\n\t\t\t\t<\/div>\n\t\t\t\t<div class=\"vamtam-has-theme-widget-styles elementor-element elementor-element-f0aa1b1 elementor-mobile-align-left elementor-widget elementor-widget-button\" data-id=\"f0aa1b1\" data-element_type=\"widget\" data-e-type=\"widget\" data-widget_type=\"button.default\">\n\t\t\t\t<div class=\"elementor-widget-container\">\n\t\t\t\t\t\t\t\t\t<div class=\"elementor-button-wrapper\">\n\t\t\t\t\t<a href=\"https:\/\/api.whatsapp.com\/send?phone=351911927418&#038;text=Ol%C3%A1%20Priscila%2C%20encontrei%20o%20seu%20contacto%20atrav%C3%A9s%20do%20website%20e%20gostava%20de%20obter%20mais%20informa%C3%A7%C3%B5es%20sobre%20flores%20para%20casamento.\" class=\"elementor-button-link elementor-button\" role=\"button\">\n\t\t\t\t\t\t\t\t\t\t\t\t\t\t\t<span class=\"elementor-button-content-wrapper\">\n\t\t\t\t\t\t\t\t\t<span class=\"elementor-button-text\">Solicite um Or\u00e7amento<\/span>\n\t\t\t\t\t<\/span>\n\t\t\t\t\t\t\t\t\t\t\t\t\t<\/a>\n\t\t\t\t<\/div>\n\t\t\t\t\t\t\t\t<\/div>\n\t\t\t\t<\/div>\n\t\t\t\t\t<\/div>\n\t\t<\/div>\n\t\t\t\t\t<\/div>\n\t\t<\/section>\n\t\t\t\t<section class=\"elementor-section elementor-top-section elementor-element elementor-element-72431665 elementor-section-boxed elementor-section-height-default elementor-section-height-default\" data-id=\"72431665\" data-element_type=\"section\" data-e-type=\"section\" data-settings=\"{&quot;background_background&quot;:&quot;classic&quot;}\">\n\t\t\t\t\t\t<div class=\"elementor-container elementor-column-gap-no\">\n\t\t\t\t\t<div class=\"elementor-column elementor-col-100 elementor-top-column elementor-element elementor-element-6f342235\" data-id=\"6f342235\" data-element_type=\"column\" data-e-type=\"column\">\n\t\t\t<div class=\"elementor-widget-wrap elementor-element-populated\">\n\t\t\t\t\t\t<div class=\"elementor-element elementor-element-6835a01 elementor-invisible elementor-widget elementor-widget-heading\" data-id=\"6835a01\" data-element_type=\"widget\" data-e-type=\"widget\" data-settings=\"{&quot;_animation&quot;:&quot;fadeInUp&quot;,&quot;_animation_tablet&quot;:&quot;none&quot;}\" data-widget_type=\"heading.default\">\n\t\t\t\t<div class=\"elementor-widget-container\">\n\t\t\t\t\t<h2 class=\"elementor-heading-title elementor-size-default\">O Nosso Processo<\/h2>\t\t\t\t<\/div>\n\t\t\t\t<\/div>\n\t\t\t\t<div class=\"vamtam-has-theme-widget-styles elementor-element elementor-element-2ec827d7 elementor-widget elementor-widget-text-editor\" data-id=\"2ec827d7\" data-element_type=\"widget\" data-e-type=\"widget\" data-widget_type=\"text-editor.default\">\n\t\t\t\t<div class=\"elementor-widget-container\">\n\t\t\t\t\t\t\t\t\t<p>Come\u00e7amos por conhecer a sua vis\u00e3o, trocando inspira\u00e7\u00f5es e ajustando cada detalhe para que a decora\u00e7\u00e3o floral seja perfeita. Para casamentos ou anivers\u00e1rios, criamos amostras personalizadas e, ap\u00f3s aprova\u00e7\u00e3o, preparamos arranjos deslumbrantes. Cuidamos de tudo para que a sua celebra\u00e7\u00e3o seja inesquec\u00edvel, at\u00e9 ao \u00faltimo detalhe.<\/p><p data-start=\"335\" data-end=\"572\" data-is-last-node=\"\" data-is-only-node=\"\">Para saber mais sobre os nossos servi\u00e7os para noivas e anivers\u00e1riantes, preencha o formul\u00e1rio abaixo ou envie um e-mail para <a href=\"mailto:info@embaixadadasflores.com\" target=\"_blank\" rel=\"noopener\">info@embaixadadasflores.com<\/a><strong data-start=\"442\" data-end=\"461\"><a rel=\"noopener\" data-start=\"444\" data-end=\"459\">.<\/a><\/strong>\u00a0Um concierge da nossa equipa entrar\u00e1 em contacto em 24 horas. Ser\u00e1 um prazer tornar o vosso dia inesquec\u00edvel!<\/p>\t\t\t\t\t\t\t\t<\/div>\n\t\t\t\t<\/div>\n\t\t\t\t<div class=\"elementor-element elementor-element-40828731 e-transform elementor-widget-divider--view-line elementor-widget elementor-widget-divider\" data-id=\"40828731\" data-element_type=\"widget\" data-e-type=\"widget\" data-settings=\"{&quot;_transform_rotateZ_effect&quot;:{&quot;unit&quot;:&quot;px&quot;,&quot;size&quot;:90,&quot;sizes&quot;:[]},&quot;motion_fx_motion_fx_scrolling&quot;:&quot;yes&quot;,&quot;motion_fx_translateX_effect&quot;:&quot;yes&quot;,&quot;motion_fx_translateX_direction&quot;:&quot;negative&quot;,&quot;motion_fx_translateX_speed&quot;:{&quot;unit&quot;:&quot;px&quot;,&quot;size&quot;:2,&quot;sizes&quot;:[]},&quot;motion_fx_translateX_affectedRange&quot;:{&quot;unit&quot;:&quot;%&quot;,&quot;size&quot;:&quot;&quot;,&quot;sizes&quot;:{&quot;start&quot;:30,&quot;end&quot;:70}},&quot;motion_fx_devices&quot;:[&quot;desktop&quot;],&quot;_transform_rotateZ_effect_tablet&quot;:{&quot;unit&quot;:&quot;deg&quot;,&quot;size&quot;:&quot;&quot;,&quot;sizes&quot;:[]},&quot;_transform_rotateZ_effect_mobile&quot;:{&quot;unit&quot;:&quot;deg&quot;,&quot;size&quot;:&quot;&quot;,&quot;sizes&quot;:[]}}\" data-widget_type=\"divider.default\">\n\t\t\t\t<div class=\"elementor-widget-container\">\n\t\t\t\t\t\t\t<div class=\"elementor-divider\">\n\t\t\t<span class=\"elementor-divider-separator\">\n\t\t\t\t\t\t<\/span>\n\t\t<\/div>\n\t\t\t\t\t\t<\/div>\n\t\t\t\t<\/div>\n\t\t\t\t\t<\/div>\n\t\t<\/div>\n\t\t\t\t\t<\/div>\n\t\t<\/section>\n\t\t\t\t<section class=\"elementor-section elementor-top-section elementor-element elementor-element-568e84ce elementor-section-boxed elementor-section-height-default elementor-section-height-default\" data-id=\"568e84ce\" data-element_type=\"section\" data-e-type=\"section\">\n\t\t\t\t\t\t<div class=\"elementor-container elementor-column-gap-no\">\n\t\t\t\t\t<div class=\"elementor-column elementor-col-100 elementor-top-column elementor-element elementor-element-4dd20aff\" data-id=\"4dd20aff\" data-element_type=\"column\" data-e-type=\"column\">\n\t\t\t<div class=\"elementor-widget-wrap elementor-element-populated\">\n\t\t\t\t\t\t<div class=\"elementor-element elementor-element-394e413f elementor-widget elementor-widget-heading\" data-id=\"394e413f\" data-element_type=\"widget\" data-e-type=\"widget\" data-widget_type=\"heading.default\">\n\t\t\t\t<div class=\"elementor-widget-container\">\n\t\t\t\t\t<h2 class=\"elementor-heading-title elementor-size-default\">Selecionado da<br>nossa galeria<\/h2>\t\t\t\t<\/div>\n\t\t\t\t<\/div>\n\t\t\t\t\t<\/div>\n\t\t<\/div>\n\t\t\t\t\t<\/div>\n\t\t<\/section>\n\t\t\t\t<section class=\"elementor-section elementor-top-section elementor-element elementor-element-7a74ded elementor-section-boxed elementor-section-height-default elementor-section-height-default\" data-id=\"7a74ded\" data-element_type=\"section\" data-e-type=\"section\">\n\t\t\t\t\t\t<div class=\"elementor-container elementor-column-gap-no\">\n\t\t\t\t\t<div class=\"elementor-column elementor-col-33 elementor-top-column elementor-element elementor-element-6543c58\" data-id=\"6543c58\" data-element_type=\"column\" data-e-type=\"column\">\n\t\t\t<div class=\"elementor-widget-wrap elementor-element-populated\">\n\t\t\t\t\t\t<div class=\"vamtam-has-theme-widget-styles elementor-element elementor-element-1634e01 elementor-widget elementor-widget-image\" data-id=\"1634e01\" data-element_type=\"widget\" data-e-type=\"widget\" data-widget_type=\"image.default\">\n\t\t\t\t<div class=\"elementor-widget-container\">\n\t\t\t\t\t\t\t\t\t<div class=\"elementor-image\">\n\t\t\t\t\t\t\t\t\t\t\t\t\t\t\t\t\t\t\t\t\t\t<a href=\"https:\/\/embaixadadasflores.com\/wp-content\/uploads\/2025\/03\/Bouquet-de-Casamento_feito-por-Embaixada-das-Flores4.jpg\" data-elementor-open-lightbox=\"no\">\n\t\t\t\t\t\t\t\t\t\t\t<img fetchpriority=\"high\" decoding=\"async\" width=\"700\" height=\"852\" src=\"https:\/\/embaixadadasflores.com\/wp-content\/uploads\/2025\/03\/Bouquet-de-Casamento_feito-por-Embaixada-das-Flores4.jpg\" class=\"attachment-full size-full wp-image-988198\" alt=\"Bouquet de Casamento_feito por Embaixada das Flores\" srcset=\"https:\/\/embaixadadasflores.com\/wp-content\/uploads\/2025\/03\/Bouquet-de-Casamento_feito-por-Embaixada-das-Flores4.jpg 700w, https:\/\/embaixadadasflores.com\/wp-content\/uploads\/2025\/03\/Bouquet-de-Casamento_feito-por-Embaixada-das-Flores4-630x767.jpg 630w, https:\/\/embaixadadasflores.com\/wp-content\/uploads\/2025\/03\/Bouquet-de-Casamento_feito-por-Embaixada-das-Flores4-64x78.jpg 64w, https:\/\/embaixadadasflores.com\/wp-content\/uploads\/2025\/03\/Bouquet-de-Casamento_feito-por-Embaixada-das-Flores4-246x300.jpg 246w\" sizes=\"(max-width: 700px) 100vw, 700px\" \/>\t\t\t\t\t\t\t\t\t\t\t\t<\/a>\n\t\t\t\t\t\t\t\t\t\t\t\t\t\t\t\t\t\t\t\t\t\t\t\t<\/div>\n\t\t\t\t\t\t\t\t<\/div>\n\t\t\t\t<\/div>\n\t\t\t\t\t<\/div>\n\t\t<\/div>\n\t\t\t\t<div class=\"elementor-column elementor-col-33 elementor-top-column elementor-element elementor-element-7ce0cc1\" data-id=\"7ce0cc1\" data-element_type=\"column\" data-e-type=\"column\">\n\t\t\t<div class=\"elementor-widget-wrap elementor-element-populated\">\n\t\t\t\t\t\t<div class=\"vamtam-has-theme-widget-styles elementor-element elementor-element-6b783a0 elementor-widget elementor-widget-image\" data-id=\"6b783a0\" data-element_type=\"widget\" data-e-type=\"widget\" data-settings=\"{&quot;motion_fx_motion_fx_scrolling&quot;:&quot;yes&quot;,&quot;motion_fx_translateY_effect&quot;:&quot;yes&quot;,&quot;motion_fx_translateY_speed&quot;:{&quot;unit&quot;:&quot;px&quot;,&quot;size&quot;:2,&quot;sizes&quot;:[]},&quot;motion_fx_translateY_affectedRange&quot;:{&quot;unit&quot;:&quot;%&quot;,&quot;size&quot;:&quot;&quot;,&quot;sizes&quot;:{&quot;start&quot;:25,&quot;end&quot;:82}},&quot;motion_fx_devices&quot;:[&quot;desktop&quot;]}\" data-widget_type=\"image.default\">\n\t\t\t\t<div class=\"elementor-widget-container\">\n\t\t\t\t\t\t\t\t\t<div class=\"elementor-image\">\n\t\t\t\t\t\t\t\t\t\t\t\t\t\t\t\t\t\t\t\t\t\t<a href=\"https:\/\/embaixadadasflores.com\/wp-content\/uploads\/2025\/03\/Bouquet-de-Casamento_feito-por-Embaixada-das-Flores2.jpg\" data-elementor-open-lightbox=\"no\">\n\t\t\t\t\t\t\t\t\t\t\t<img decoding=\"async\" width=\"750\" height=\"938\" src=\"https:\/\/embaixadadasflores.com\/wp-content\/uploads\/2025\/03\/Bouquet-de-Casamento_feito-por-Embaixada-das-Flores2.jpg\" class=\"attachment-full size-full wp-image-988196\" alt=\"Bouquet de Casamento_feito por Embaixada das Flores\" srcset=\"https:\/\/embaixadadasflores.com\/wp-content\/uploads\/2025\/03\/Bouquet-de-Casamento_feito-por-Embaixada-das-Flores2.jpg 750w, https:\/\/embaixadadasflores.com\/wp-content\/uploads\/2025\/03\/Bouquet-de-Casamento_feito-por-Embaixada-das-Flores2-630x788.jpg 630w, https:\/\/embaixadadasflores.com\/wp-content\/uploads\/2025\/03\/Bouquet-de-Casamento_feito-por-Embaixada-das-Flores2-64x80.jpg 64w, https:\/\/embaixadadasflores.com\/wp-content\/uploads\/2025\/03\/Bouquet-de-Casamento_feito-por-Embaixada-das-Flores2-240x300.jpg 240w\" sizes=\"(max-width: 750px) 100vw, 750px\" \/>\t\t\t\t\t\t\t\t\t\t\t\t<\/a>\n\t\t\t\t\t\t\t\t\t\t\t\t\t\t\t\t\t\t\t\t\t\t\t\t<\/div>\n\t\t\t\t\t\t\t\t<\/div>\n\t\t\t\t<\/div>\n\t\t\t\t\t<\/div>\n\t\t<\/div>\n\t\t\t\t<div class=\"elementor-column elementor-col-33 elementor-top-column elementor-element elementor-element-aa6fbb7\" data-id=\"aa6fbb7\" data-element_type=\"column\" data-e-type=\"column\">\n\t\t\t<div class=\"elementor-widget-wrap elementor-element-populated\">\n\t\t\t\t\t\t<div class=\"vamtam-has-theme-widget-styles elementor-element elementor-element-44c0450 elementor-widget elementor-widget-image\" data-id=\"44c0450\" data-element_type=\"widget\" data-e-type=\"widget\" data-widget_type=\"image.default\">\n\t\t\t\t<div class=\"elementor-widget-container\">\n\t\t\t\t\t\t\t\t\t<div class=\"elementor-image\">\n\t\t\t\t\t\t\t\t\t\t\t\t\t\t\t\t\t\t\t\t\t\t<a href=\"https:\/\/embaixadadasflores.com\/wp-content\/uploads\/2025\/03\/Bouquet-de-Casamento_feito-por-Embaixada-das-Flores23.jpg\" data-elementor-open-lightbox=\"no\">\n\t\t\t\t\t\t\t\t\t\t\t<img decoding=\"async\" width=\"700\" height=\"875\" src=\"https:\/\/embaixadadasflores.com\/wp-content\/uploads\/2025\/03\/Bouquet-de-Casamento_feito-por-Embaixada-das-Flores23.jpg\" class=\"attachment-full size-full wp-image-988197\" alt=\"Bouquet de Casamento_feito por Embaixada das Flores2\" srcset=\"https:\/\/embaixadadasflores.com\/wp-content\/uploads\/2025\/03\/Bouquet-de-Casamento_feito-por-Embaixada-das-Flores23.jpg 700w, https:\/\/embaixadadasflores.com\/wp-content\/uploads\/2025\/03\/Bouquet-de-Casamento_feito-por-Embaixada-das-Flores23-630x788.jpg 630w, https:\/\/embaixadadasflores.com\/wp-content\/uploads\/2025\/03\/Bouquet-de-Casamento_feito-por-Embaixada-das-Flores23-64x80.jpg 64w, https:\/\/embaixadadasflores.com\/wp-content\/uploads\/2025\/03\/Bouquet-de-Casamento_feito-por-Embaixada-das-Flores23-240x300.jpg 240w\" sizes=\"(max-width: 700px) 100vw, 700px\" \/>\t\t\t\t\t\t\t\t\t\t\t\t<\/a>\n\t\t\t\t\t\t\t\t\t\t\t\t\t\t\t\t\t\t\t\t\t\t\t\t<\/div>\n\t\t\t\t\t\t\t\t<\/div>\n\t\t\t\t<\/div>\n\t\t\t\t<div class=\"vamtam-has-theme-widget-styles elementor-element elementor-element-f1fd10c elementor-mobile-align-center elementor-align-center elementor-hidden-desktop elementor-hidden-tablet elementor-widget elementor-widget-button\" data-id=\"f1fd10c\" data-element_type=\"widget\" data-e-type=\"widget\" data-widget_type=\"button.default\">\n\t\t\t\t<div class=\"elementor-widget-container\">\n\t\t\t\t\t\t\t\t\t<div class=\"elementor-button-wrapper\">\n\t\t\t\t\t<a href=\"https:\/\/api.whatsapp.com\/send?phone=351911927418&#038;text=Ol%C3%A1%20Priscila%2C%20encontrei%20o%20seu%20contacto%20atrav%C3%A9s%20do%20website%20e%20gostava%20de%20obter%20mais%20informa%C3%A7%C3%B5es%20sobre%20flores%20para%20casamento.\" class=\"elementor-button-link elementor-button\" role=\"button\">\n\t\t\t\t\t\t\t\t\t\t\t\t\t\t\t<span class=\"elementor-button-content-wrapper\">\n\t\t\t\t\t\t\t\t\t<span class=\"elementor-button-text\">Fale com a nossa especialista<\/span>\n\t\t\t\t\t<\/span>\n\t\t\t\t\t\t\t\t\t\t\t\t\t<\/a>\n\t\t\t\t<\/div>\n\t\t\t\t\t\t\t\t<\/div>\n\t\t\t\t<\/div>\n\t\t\t\t\t<\/div>\n\t\t<\/div>\n\t\t\t\t\t<\/div>\n\t\t<\/section>\n\t\t\t\t<\/div>\n\t\t","protected":false},"excerpt":{"rendered":"<p>Casamentos &amp; Anivers\u00e1rios A nossa talentosa equipa transforma cada celebra\u00e7\u00e3o em algo \u00fanico e memor\u00e1vel atrav\u00e9s de designs florais extraordin\u00e1rios. Seja um bouquet elegante, uma decora\u00e7\u00e3o sofisticada para o grande dia ou um ambiente encantador para um anivers\u00e1rio especial, as flores definem a atmosfera perfeita. Prefere um estilo simples e delicado ou sonha com arranjos&#8230;<\/p>","protected":false},"author":2,"featured_media":992467,"parent":0,"menu_order":0,"comment_status":"closed","ping_status":"closed","template":"","meta":{"footnotes":""},"class_list":["post-218","page","type-page","status-publish","has-post-thumbnail","hentry"],"_links":{"self":[{"href":"https:\/\/embaixadadasflores.com\/en\/wp-json\/wp\/v2\/pages\/218","targetHints":{"allow":["GET"]}}],"collection":[{"href":"https:\/\/embaixadadasflores.com\/en\/wp-json\/wp\/v2\/pages"}],"about":[{"href":"https:\/\/embaixadadasflores.com\/en\/wp-json\/wp\/v2\/types\/page"}],"author":[{"embeddable":true,"href":"https:\/\/embaixadadasflores.com\/en\/wp-json\/wp\/v2\/users\/2"}],"replies":[{"embeddable":true,"href":"https:\/\/embaixadadasflores.com\/en\/wp-json\/wp\/v2\/comments?post=218"}],"version-history":[{"count":1,"href":"https:\/\/embaixadadasflores.com\/en\/wp-json\/wp\/v2\/pages\/218\/revisions"}],"predecessor-version":[{"id":992468,"href":"https:\/\/embaixadadasflores.com\/en\/wp-json\/wp\/v2\/pages\/218\/revisions\/992468"}],"wp:featuredmedia":[{"embeddable":true,"href":"https:\/\/embaixadadasflores.com\/en\/wp-json\/wp\/v2\/media\/992467"}],"wp:attachment":[{"href":"https:\/\/embaixadadasflores.com\/en\/wp-json\/wp\/v2\/media?parent=218"}],"curies":[{"name":"wp","href":"https:\/\/api.w.org\/{rel}","templated":true}]}}