{"id":5976,"date":"2022-02-16T00:20:49","date_gmt":"2022-02-16T00:20:49","guid":{"rendered":"https:\/\/fiore.vamtam.com\/?post_type=product&#038;p=5976"},"modified":"2025-12-22T11:25:12","modified_gmt":"2025-12-22T11:25:12","slug":"red-carnation-live-seeds","status":"publish","type":"product","link":"https:\/\/embaixadadasflores.com\/en\/shop\/red-carnation-live-seeds\/","title":{"rendered":"Red Carnation - Live Seeds"},"content":{"rendered":"","protected":false},"excerpt":{"rendered":"<p class=\"\" data-start=\"58\" data-end=\"275\"><strong data-start=\"58\" data-end=\"92\">Cravo \u2013 S\u00edmbolo do 25 de Abril<\/strong><br data-start=\"92\" data-end=\"95\" \/>O cravo, planta hist\u00f3rica e s\u00edmbolo da liberdade em Portugal, \u00e9 uma das flores ornamentais mais antigas do mundo. De f\u00e1cil cultivo, atrai borboletas e repele formigas naturalmente. <span class=\"relative -mx-px my-[-0.2rem] rounded px-px py-[0.2rem] transition-colors duration-100 ease-in-out\">O cravo-vermelho (<em data-start=\"18\" data-end=\"41\">Dianthus caryophyllus<\/em>) \u00e9 uma flor perene de origem mediterr\u00e2nica, reconhecida pelo seu aroma agrad\u00e1vel e flores vistosas. Esta variedade, com flores vermelhas escarlate duplas, \u00e9 ideal para canteiros, bordaduras e vasos.<\/span><\/p>\n<p class=\"\" data-start=\"277\" data-end=\"446\"><strong data-start=\"277\" data-end=\"289\">Cultivo:<\/strong><br data-start=\"289\" data-end=\"292\" \/>Prefere solos arenosos, ricos em mat\u00e9ria org\u00e2nica e bem drenados. Gosta de sol, mas tamb\u00e9m se adapta a meia-sombra. Requer regas regulares, sem encharcar.<\/p>\n<p class=\"\" data-start=\"448\" data-end=\"465\"><strong data-start=\"448\" data-end=\"463\">Calend\u00e1rio:<\/strong><\/p>\n<ul data-start=\"466\" data-end=\"571\">\n<li class=\"\" data-start=\"466\" data-end=\"512\">\n<p class=\"\" data-start=\"468\" data-end=\"512\"><strong data-start=\"468\" data-end=\"500\">Sementeira direta\/tabuleiro:<\/strong> Set \u2013 Nov<\/p>\n<\/li>\n<li class=\"\" data-start=\"513\" data-end=\"543\">\n<p class=\"\" data-start=\"515\" data-end=\"543\"><strong data-start=\"515\" data-end=\"531\">Transplante:<\/strong> Nov \u2013 Jan<\/p>\n<\/li>\n<li class=\"\" data-start=\"544\" data-end=\"571\">\n<p class=\"\" data-start=\"546\" data-end=\"571\"><strong data-start=\"546\" data-end=\"559\">Flora\u00e7\u00e3o:<\/strong> Mar \u2013 Jul<\/p>\n<\/li>\n<\/ul>\n<p class=\"\" data-start=\"573\" data-end=\"586\"><strong data-start=\"573\" data-end=\"584\">Extras:<\/strong><\/p>\n<ul>\n<li style=\"list-style-type: none;\">\n<ul data-start=\"587\" data-end=\"669\">\n<li class=\"\" data-start=\"587\" data-end=\"617\">\n<p class=\"\" data-start=\"589\" data-end=\"617\">Profundidade: 0.2 \u2013 0.6 cm<\/p>\n<\/li>\n<li class=\"\" data-start=\"618\" data-end=\"640\">\n<p class=\"\" data-start=\"620\" data-end=\"640\">Temp. ideal: 20\u202f\u00b0C<\/p>\n<\/li>\n<\/ul>\n<\/li>\n<\/ul>\n<p class=\"\" data-start=\"306\" data-end=\"328\"><strong data-start=\"306\" data-end=\"326\">Caracter\u00edsticas:<\/strong><\/p>\n<ul data-start=\"329\" data-end=\"926\">\n<li class=\"\" data-start=\"329\" data-end=\"384\">\n<p class=\"\" data-start=\"331\" data-end=\"384\"><strong data-start=\"331\" data-end=\"342\">Altura:<\/strong> <span class=\"relative -mx-px my-[-0.2rem] rounded px-px py-[0.2rem] transition-colors duration-100 ease-in-out\">At\u00e9 90 cm<\/span><\/p>\n<\/li>\n<li class=\"\" data-start=\"385\" data-end=\"442\">\n<p class=\"\" data-start=\"387\" data-end=\"442\"><strong data-start=\"387\" data-end=\"400\">Flora\u00e7\u00e3o:<\/strong> <span class=\"relative -mx-px my-[-0.2rem] rounded px-px py-[0.2rem] transition-colors duration-100 ease-in-out\">Primavera e ver\u00e3o<\/span><\/p>\n<\/li>\n<li class=\"\" data-start=\"443\" data-end=\"507\">\n<p class=\"\" data-start=\"445\" data-end=\"507\"><strong data-start=\"445\" data-end=\"465\">Exposi\u00e7\u00e3o solar:<\/strong> <span class=\"relative -mx-px my-[-0.2rem] rounded px-px py-[0.2rem] transition-colors duration-100 ease-in-out\">Sol pleno ou meia-sombra<\/span><\/p>\n<\/li>\n<li class=\"\" data-start=\"508\" data-end=\"561\">\n<p class=\"\" data-start=\"510\" data-end=\"561\"><strong data-start=\"510\" data-end=\"519\">Solo:<\/strong> <span class=\"relative -mx-px my-[-0.2rem] rounded px-px py-[0.2rem] transition-colors duration-100 ease-in-out\">Bem drenado, rico em mat\u00e9ria org\u00e2nica<\/span><\/p>\n<\/li>\n<li class=\"\" data-start=\"562\" data-end=\"615\">\n<p class=\"\" data-start=\"564\" data-end=\"615\"><strong data-start=\"564\" data-end=\"573\">Rega:<\/strong> <span class=\"relative -mx-px my-[-0.2rem] rounded px-px py-[0.2rem] transition-colors duration-100 ease-in-out\">Regular, evitando encharcamentos<\/span><\/p>\n<\/li>\n<li class=\"\" data-start=\"616\" data-end=\"674\">\n<p class=\"\" data-start=\"618\" data-end=\"674\"><strong data-start=\"618\" data-end=\"632\">Semeadura:<\/strong> <span class=\"relative -mx-px my-[-0.2rem] rounded px-px py-[0.2rem] transition-colors duration-100 ease-in-out\">Outono (setembro a novembro)<\/span><\/p>\n<\/li>\n<li class=\"\" data-start=\"675\" data-end=\"735\">\n<p class=\"\" data-start=\"677\" data-end=\"735\"><strong data-start=\"677\" data-end=\"693\">Transplante:<\/strong> <span class=\"relative -mx-px my-[-0.2rem] rounded px-px py-[0.2rem] transition-colors duration-100 ease-in-out\">Inverno (novembro a janeiro)<\/span><\/p>\n<\/li>\n<li class=\"\" data-start=\"736\" data-end=\"808\">\n<p class=\"\" data-start=\"738\" data-end=\"808\"><strong data-start=\"738\" data-end=\"766\">Profundidade da semente:<\/strong> <span class=\"relative -mx-px my-[-0.2rem] rounded px-px py-[0.2rem] transition-colors duration-100 ease-in-out\">0,2 \u2013 0,6 cm<\/span><\/p>\n<\/li>\n<li class=\"\" data-start=\"809\" data-end=\"926\">\n<p class=\"\" data-start=\"811\" data-end=\"926\"><strong data-start=\"811\" data-end=\"847\">Temperatura ideal de germina\u00e7\u00e3o:<\/strong> <span class=\"relative -mx-px my-[-0.2rem] rounded px-px py-[0.2rem] transition-colors duration-100 ease-in-out\">20\u202f\u00b0C<\/span><span class=\"\" data-state=\"closed\"><span class=\"ms-1 inline-flex max-w-full items-center relative top-[-0.094rem] animate-[show_150ms_ease-in]\"><a class=\"flex h-4.5 overflow-hidden rounded-xl px-2 text-[0.5625em] font-medium text-token-text-secondary! bg-[#F4F4F4]! dark:bg-[#303030]! transition-colors duration-150 ease-in-out\" href=\"https:\/\/www.belliplantas.com.br\/sementes-de-cravos-gigantes-vermelhos-a-flor-do-homem?utm_source=chatgpt.com\" target=\"_blank\" rel=\"noopener\"><span class=\"relative start-0 bottom-0 flex h-full w-full items-center\"><span class=\"flex h-4 w-full items-center justify-between overflow-hidden\"><span class=\"max-w-full grow truncate overflow-hidden text-center\">belliplantas.com.br<\/span><\/span><\/span><\/a><\/span><\/span><\/p>\n<\/li>\n<\/ul>\n<p class=\"\" data-start=\"928\" data-end=\"1006\"><span class=\"relative -mx-px my-[-0.2rem] rounded px-px py-[0.2rem] transition-colors duration-100 ease-in-out\">Al\u00e9m de embelezar jardins, o cravo-vermelho atrai insetos auxiliares e \u00e9 conhecido por repelir formigas naturalmente.<\/span><\/p>\n","protected":false},"featured_media":989419,"comment_status":"open","ping_status":"closed","template":"","meta":[],"product_brand":[],"product_cat":[29,72],"product_tag":[],"class_list":{"0":"post-5976","1":"product","2":"type-product","3":"status-publish","4":"has-post-thumbnail","6":"product_cat-acessorios","7":"product_cat-sementes","9":"first","10":"instock","11":"shipping-taxable","12":"purchasable","13":"product-type-simple"},"_links":{"self":[{"href":"https:\/\/embaixadadasflores.com\/en\/wp-json\/wp\/v2\/product\/5976","targetHints":{"allow":["GET"]}}],"collection":[{"href":"https:\/\/embaixadadasflores.com\/en\/wp-json\/wp\/v2\/product"}],"about":[{"href":"https:\/\/embaixadadasflores.com\/en\/wp-json\/wp\/v2\/types\/product"}],"replies":[{"embeddable":true,"href":"https:\/\/embaixadadasflores.com\/en\/wp-json\/wp\/v2\/comments?post=5976"}],"version-history":[{"count":0,"href":"https:\/\/embaixadadasflores.com\/en\/wp-json\/wp\/v2\/product\/5976\/revisions"}],"wp:featuredmedia":[{"embeddable":true,"href":"https:\/\/embaixadadasflores.com\/en\/wp-json\/wp\/v2\/media\/989419"}],"wp:attachment":[{"href":"https:\/\/embaixadadasflores.com\/en\/wp-json\/wp\/v2\/media?parent=5976"}],"wp:term":[{"taxonomy":"product_brand","embeddable":true,"href":"https:\/\/embaixadadasflores.com\/en\/wp-json\/wp\/v2\/product_brand?post=5976"},{"taxonomy":"product_cat","embeddable":true,"href":"https:\/\/embaixadadasflores.com\/en\/wp-json\/wp\/v2\/product_cat?post=5976"},{"taxonomy":"product_tag","embeddable":true,"href":"https:\/\/embaixadadasflores.com\/en\/wp-json\/wp\/v2\/product_tag?post=5976"}],"curies":[{"name":"wp","href":"https:\/\/api.w.org\/{rel}","templated":true}]}}