{"id":989425,"date":"2025-05-07T12:50:07","date_gmt":"2025-05-07T12:50:07","guid":{"rendered":"https:\/\/darkseagreen-pony-774637.hostingersite.com\/?post_type=product&#038;p=989425"},"modified":"2025-08-18T14:42:51","modified_gmt":"2025-08-18T14:42:51","slug":"flowers-for-the-bees-live-seeds","status":"publish","type":"product","link":"https:\/\/embaixadadasflores.com\/en\/shop\/flowers-for-the-bees-live-seeds\/","title":{"rendered":"Flowers for the Bees - Live Seeds"},"content":{"rendered":"","protected":false},"excerpt":{"rendered":"<p class=\"\" data-start=\"139\" data-end=\"270\"><span class=\"relative -mx-px my-[-0.2rem] rounded px-px py-[0.2rem] transition-colors duration-100 ease-in-out\">Mistura de flores 100% anuais, ideal para atrair abelhas, abelh\u00f5es e borboletas, fornecendo n\u00e9ctar e p\u00f3len essenciais para os polinizadores.<\/span> <span class=\"relative -mx-px my-[-0.2rem] rounded px-px py-[0.2rem] transition-colors duration-100 ease-in-out\">Perfeita para canteiros, bordaduras, varandas e \u00e1reas de conserva\u00e7\u00e3o.<\/span><span class=\"\" data-state=\"closed\"><span class=\"ms-1 inline-flex max-w-full items-center relative top-[-0.094rem] animate-[show_150ms_ease-in]\"><a class=\"flex h-4.5 overflow-hidden rounded-xl px-2 text-[0.5625em] font-medium text-token-text-secondary! bg-[#F4F4F4]! dark:bg-[#303030]! transition-colors duration-150 ease-in-out\" href=\"https:\/\/www.facebook.com\/casasementestomar\/posts\/-sementes-vivas-flores-para-as-abelhasmistura-de-flores-100-anuais-que-fornece-n\/513465871264087\/?utm_source=chatgpt.com\" target=\"_blank\" rel=\"noopener\"><span class=\"relative start-0 bottom-0 flex h-full w-full items-center\"><span class=\"flex h-4 w-full items-center justify-between absolute\"><span class=\"max-w-full grow truncate overflow-hidden text-center\">Dicas Online<\/span><span class=\"-me-1 flex h-full items-center rounded-full px-1 text-[#8F8F8F]\">+7<\/span><\/span><span class=\"flex h-4 w-full items-center justify-between\"><span class=\"max-w-full grow truncate overflow-hidden text-center\">Log in or sign up to view<\/span><span class=\"-me-1 flex h-full items-center rounded-full px-1 text-[#8F8F8F]\">+7<\/span><\/span><span class=\"flex h-4 w-full items-center justify-between absolute\"><span class=\"max-w-full grow truncate overflow-hidden text-center\">Log in or sign up to view<\/span><span class=\"-me-1 flex h-full items-center rounded-full px-1 text-[#8F8F8F]\">+7<\/span><\/span><\/span><\/a><\/span><\/span><\/p>\n<p class=\"\" data-start=\"272\" data-end=\"368\"><strong data-start=\"272\" data-end=\"287\">Composi\u00e7\u00e3o:<\/strong><br data-start=\"287\" data-end=\"290\" \/><span class=\"relative -mx-px my-[-0.2rem] rounded px-px py-[0.2rem] transition-colors duration-100 ease-in-out\">Trigo sarraceno (17,5%), fac\u00e9lia (8%), linho (9%), girassol (8%), cal\u00eandula (0,5%), tremocilha (15%), bersim (10%), trevo da p\u00e9rsia (8%), ervilhaca (6%), serradela (8%), endro (2%), coentro (5%) e malva (3%).<\/span><\/p>\n<p class=\"\" data-start=\"370\" data-end=\"621\"><strong data-start=\"370\" data-end=\"392\">Sementeira Direta:<\/strong> <span class=\"relative -mx-px my-[-0.2rem] rounded px-px py-[0.2rem] transition-colors duration-100 ease-in-out\">Mar\u00e7o a Abril<\/span><br data-start=\"432\" data-end=\"435\" \/><strong data-start=\"435\" data-end=\"448\">Flora\u00e7\u00e3o:<\/strong> <span class=\"relative -mx-px my-[-0.2rem] rounded px-px py-[0.2rem] transition-colors duration-100 ease-in-out\">Mar\u00e7o a Abril \/ Setembro<\/span><br data-start=\"488\" data-end=\"491\" \/><strong data-start=\"491\" data-end=\"508\">Peso L\u00edquido:<\/strong> 20g<br data-start=\"512\" data-end=\"515\" data-is-only-node=\"\" \/><strong data-start=\"515\" data-end=\"542\">Dimens\u00f5es da Embalagem:<\/strong> <span class=\"relative -mx-px my-[-0.2rem] rounded px-px py-[0.2rem] transition-colors duration-100 ease-in-out\">10 x 15 x 0,3 cm<\/span><\/p>\n<p class=\"\" data-start=\"623\" data-end=\"701\"><span class=\"relative -mx-px my-[-0.2rem] rounded px-px py-[0.2rem] transition-colors duration-100 ease-in-out\">Cultive beleza e biodiversidade no seu jardim com esta sele\u00e7\u00e3o especial de sementes.<\/span><\/p>\n","protected":false},"featured_media":989422,"comment_status":"open","ping_status":"closed","template":"","meta":[],"product_brand":[],"product_cat":[29,72],"product_tag":[],"class_list":{"0":"post-989425","1":"product","2":"type-product","3":"status-publish","4":"has-post-thumbnail","6":"product_cat-acessorios","7":"product_cat-sementes","9":"first","10":"instock","11":"shipping-taxable","12":"purchasable","13":"product-type-simple"},"_links":{"self":[{"href":"https:\/\/embaixadadasflores.com\/en\/wp-json\/wp\/v2\/product\/989425","targetHints":{"allow":["GET"]}}],"collection":[{"href":"https:\/\/embaixadadasflores.com\/en\/wp-json\/wp\/v2\/product"}],"about":[{"href":"https:\/\/embaixadadasflores.com\/en\/wp-json\/wp\/v2\/types\/product"}],"replies":[{"embeddable":true,"href":"https:\/\/embaixadadasflores.com\/en\/wp-json\/wp\/v2\/comments?post=989425"}],"version-history":[{"count":0,"href":"https:\/\/embaixadadasflores.com\/en\/wp-json\/wp\/v2\/product\/989425\/revisions"}],"wp:featuredmedia":[{"embeddable":true,"href":"https:\/\/embaixadadasflores.com\/en\/wp-json\/wp\/v2\/media\/989422"}],"wp:attachment":[{"href":"https:\/\/embaixadadasflores.com\/en\/wp-json\/wp\/v2\/media?parent=989425"}],"wp:term":[{"taxonomy":"product_brand","embeddable":true,"href":"https:\/\/embaixadadasflores.com\/en\/wp-json\/wp\/v2\/product_brand?post=989425"},{"taxonomy":"product_cat","embeddable":true,"href":"https:\/\/embaixadadasflores.com\/en\/wp-json\/wp\/v2\/product_cat?post=989425"},{"taxonomy":"product_tag","embeddable":true,"href":"https:\/\/embaixadadasflores.com\/en\/wp-json\/wp\/v2\/product_tag?post=989425"}],"curies":[{"name":"wp","href":"https:\/\/api.w.org\/{rel}","templated":true}]}}