{"id":992424,"date":"2026-02-10T22:55:26","date_gmt":"2026-02-10T22:55:26","guid":{"rendered":"https:\/\/embaixadadasflores.com\/?post_type=product&#038;p=992424"},"modified":"2026-02-10T22:55:48","modified_gmt":"2026-02-10T22:55:48","slug":"golden-days-box","status":"publish","type":"product","link":"https:\/\/embaixadadasflores.com\/en\/shop\/golden-days-box\/","title":{"rendered":"Golden Days box"},"content":{"rendered":"","protected":false},"excerpt":{"rendered":"<p>Caixa sofisticada com flores frescas da esta\u00e7\u00e3o em tons suaves e vibrantes, acompanhada de espumante premium. Um presente completo para celebrar momentos especiais com charme, frescor e eleg\u00e2ncia.<\/p>\n<p>As flores podem variar conforme a disponibilidade e a esta\u00e7\u00e3o, mantendo sempre o padr\u00e3o de beleza e qualidade do arranjo.<\/p>","protected":false},"featured_media":992425,"comment_status":"closed","ping_status":"closed","template":"","meta":[],"product_brand":[],"product_cat":[39,134,95],"product_tag":[],"class_list":{"0":"post-992424","1":"product","2":"type-product","3":"status-publish","4":"has-post-thumbnail","6":"product_cat-flores","7":"product_cat-caixa-com-flores","8":"product_cat-escolha-da-florista","10":"first","11":"instock","12":"shipping-taxable","13":"purchasable","14":"product-type-simple"},"_links":{"self":[{"href":"https:\/\/embaixadadasflores.com\/en\/wp-json\/wp\/v2\/product\/992424","targetHints":{"allow":["GET"]}}],"collection":[{"href":"https:\/\/embaixadadasflores.com\/en\/wp-json\/wp\/v2\/product"}],"about":[{"href":"https:\/\/embaixadadasflores.com\/en\/wp-json\/wp\/v2\/types\/product"}],"replies":[{"embeddable":true,"href":"https:\/\/embaixadadasflores.com\/en\/wp-json\/wp\/v2\/comments?post=992424"}],"version-history":[{"count":1,"href":"https:\/\/embaixadadasflores.com\/en\/wp-json\/wp\/v2\/product\/992424\/revisions"}],"predecessor-version":[{"id":992426,"href":"https:\/\/embaixadadasflores.com\/en\/wp-json\/wp\/v2\/product\/992424\/revisions\/992426"}],"wp:featuredmedia":[{"embeddable":true,"href":"https:\/\/embaixadadasflores.com\/en\/wp-json\/wp\/v2\/media\/992425"}],"wp:attachment":[{"href":"https:\/\/embaixadadasflores.com\/en\/wp-json\/wp\/v2\/media?parent=992424"}],"wp:term":[{"taxonomy":"product_brand","embeddable":true,"href":"https:\/\/embaixadadasflores.com\/en\/wp-json\/wp\/v2\/product_brand?post=992424"},{"taxonomy":"product_cat","embeddable":true,"href":"https:\/\/embaixadadasflores.com\/en\/wp-json\/wp\/v2\/product_cat?post=992424"},{"taxonomy":"product_tag","embeddable":true,"href":"https:\/\/embaixadadasflores.com\/en\/wp-json\/wp\/v2\/product_tag?post=992424"}],"curies":[{"name":"wp","href":"https:\/\/api.w.org\/{rel}","templated":true}]}}