{"id":992442,"date":"2026-02-10T23:46:00","date_gmt":"2026-02-10T23:46:00","guid":{"rendered":"https:\/\/embaixadadasflores.com\/?post_type=product&#038;p=992442"},"modified":"2026-02-12T21:23:30","modified_gmt":"2026-02-12T21:23:30","slug":"classic-rose-bouquet","status":"publish","type":"product","link":"https:\/\/embaixadadasflores.com\/en\/shop\/classic-rose-bouquet\/","title":{"rendered":"Classic Ros\u00e8 Bouquet"},"content":{"rendered":"","protected":false},"excerpt":{"rendered":"<p>Bouquet sofisticado com flores selecionadas da esta\u00e7\u00e3o, em uma paleta suave e harmoniosa. Um presente que transmite cuidado, carinho e eleg\u00e2ncia perfeito para quem quer impressionar com eleg\u00e2ncia.<\/p>\n<p>Flowers can vary according to availability and season, always maintaining the colour palette and premium standard of the arrangement.<\/p>","protected":false},"featured_media":992443,"comment_status":"closed","ping_status":"closed","template":"","meta":[],"product_brand":[],"product_cat":[39,95,139],"product_tag":[],"class_list":{"0":"post-992442","1":"product","2":"type-product","3":"status-publish","4":"has-post-thumbnail","6":"product_cat-flores","7":"product_cat-escolha-da-florista","8":"product_cat-ramos","10":"first","11":"instock","12":"featured","13":"shipping-taxable","14":"purchasable","15":"product-type-simple"},"_links":{"self":[{"href":"https:\/\/embaixadadasflores.com\/en\/wp-json\/wp\/v2\/product\/992442","targetHints":{"allow":["GET"]}}],"collection":[{"href":"https:\/\/embaixadadasflores.com\/en\/wp-json\/wp\/v2\/product"}],"about":[{"href":"https:\/\/embaixadadasflores.com\/en\/wp-json\/wp\/v2\/types\/product"}],"replies":[{"embeddable":true,"href":"https:\/\/embaixadadasflores.com\/en\/wp-json\/wp\/v2\/comments?post=992442"}],"version-history":[{"count":2,"href":"https:\/\/embaixadadasflores.com\/en\/wp-json\/wp\/v2\/product\/992442\/revisions"}],"predecessor-version":[{"id":992445,"href":"https:\/\/embaixadadasflores.com\/en\/wp-json\/wp\/v2\/product\/992442\/revisions\/992445"}],"wp:featuredmedia":[{"embeddable":true,"href":"https:\/\/embaixadadasflores.com\/en\/wp-json\/wp\/v2\/media\/992443"}],"wp:attachment":[{"href":"https:\/\/embaixadadasflores.com\/en\/wp-json\/wp\/v2\/media?parent=992442"}],"wp:term":[{"taxonomy":"product_brand","embeddable":true,"href":"https:\/\/embaixadadasflores.com\/en\/wp-json\/wp\/v2\/product_brand?post=992442"},{"taxonomy":"product_cat","embeddable":true,"href":"https:\/\/embaixadadasflores.com\/en\/wp-json\/wp\/v2\/product_cat?post=992442"},{"taxonomy":"product_tag","embeddable":true,"href":"https:\/\/embaixadadasflores.com\/en\/wp-json\/wp\/v2\/product_tag?post=992442"}],"curies":[{"name":"wp","href":"https:\/\/api.w.org\/{rel}","templated":true}]}}