{"id":992470,"date":"2026-02-11T20:55:35","date_gmt":"2026-02-11T20:55:35","guid":{"rendered":"https:\/\/embaixadadasflores.com\/?post_type=product&#038;p=992470"},"modified":"2026-02-11T20:55:35","modified_gmt":"2026-02-11T20:55:35","slug":"peony-mix-bouquet","status":"publish","type":"product","link":"https:\/\/embaixadadasflores.com\/en\/shop\/peony-mix-bouquet\/","title":{"rendered":"Bouquet Mix Peonies"},"content":{"rendered":"","protected":false},"excerpt":{"rendered":"<p>Bouquet sofisticado com pe\u00f4nias e ant\u00farios delicados, em tons de rosa e ros\u00e9. Um arranjo rom\u00e2ntico que transmite eleg\u00e2ncia, carinho e frescor para presentear em ocasi\u00f5es especiais.<\/p>\n<p>As flores podem sofrer altera\u00e7\u00f5es conforme disponibilidade e esta\u00e7\u00e3o.<\/p>","protected":false},"featured_media":992471,"comment_status":"closed","ping_status":"closed","template":"","meta":[],"product_brand":[],"product_cat":[39,139],"product_tag":[],"class_list":{"0":"post-992470","1":"product","2":"type-product","3":"status-publish","4":"has-post-thumbnail","6":"product_cat-flores","7":"product_cat-ramos","9":"first","10":"instock","11":"shipping-taxable","12":"purchasable","13":"product-type-simple"},"_links":{"self":[{"href":"https:\/\/embaixadadasflores.com\/en\/wp-json\/wp\/v2\/product\/992470","targetHints":{"allow":["GET"]}}],"collection":[{"href":"https:\/\/embaixadadasflores.com\/en\/wp-json\/wp\/v2\/product"}],"about":[{"href":"https:\/\/embaixadadasflores.com\/en\/wp-json\/wp\/v2\/types\/product"}],"replies":[{"embeddable":true,"href":"https:\/\/embaixadadasflores.com\/en\/wp-json\/wp\/v2\/comments?post=992470"}],"version-history":[{"count":2,"href":"https:\/\/embaixadadasflores.com\/en\/wp-json\/wp\/v2\/product\/992470\/revisions"}],"predecessor-version":[{"id":992473,"href":"https:\/\/embaixadadasflores.com\/en\/wp-json\/wp\/v2\/product\/992470\/revisions\/992473"}],"wp:featuredmedia":[{"embeddable":true,"href":"https:\/\/embaixadadasflores.com\/en\/wp-json\/wp\/v2\/media\/992471"}],"wp:attachment":[{"href":"https:\/\/embaixadadasflores.com\/en\/wp-json\/wp\/v2\/media?parent=992470"}],"wp:term":[{"taxonomy":"product_brand","embeddable":true,"href":"https:\/\/embaixadadasflores.com\/en\/wp-json\/wp\/v2\/product_brand?post=992470"},{"taxonomy":"product_cat","embeddable":true,"href":"https:\/\/embaixadadasflores.com\/en\/wp-json\/wp\/v2\/product_cat?post=992470"},{"taxonomy":"product_tag","embeddable":true,"href":"https:\/\/embaixadadasflores.com\/en\/wp-json\/wp\/v2\/product_tag?post=992470"}],"curies":[{"name":"wp","href":"https:\/\/api.w.org\/{rel}","templated":true}]}}